{"id":2346,"date":"2024-05-03T10:25:30","date_gmt":"2024-05-03T10:25:30","guid":{"rendered":"https:\/\/hplegal.eu\/?page_id=2346"},"modified":"2024-05-08T10:43:24","modified_gmt":"2024-05-08T10:43:24","slug":"sara-lili-marsovszki","status":"publish","type":"page","link":"https:\/\/hplegal.eu\/en\/sara-lili-marsovszki\/","title":{"rendered":"S\u00e1ra Lili Marsovszki"},"content":{"rendered":"\t\t<div data-elementor-type=\"wp-page\" data-elementor-id=\"2346\" class=\"elementor elementor-2346\" data-elementor-post-type=\"page\">\n\t\t\t\t\t\t<section class=\"elementor-section elementor-top-section elementor-element elementor-element-3dde83a elementor-section-boxed elementor-section-height-default elementor-section-height-default\" data-id=\"3dde83a\" data-element_type=\"section\" data-settings=\"{&quot;background_background&quot;:&quot;classic&quot;}\">\n\t\t\t\t\t\t<div class=\"elementor-container elementor-column-gap-default\">\n\t\t\t\t\t<div class=\"elementor-column elementor-col-100 elementor-top-column elementor-element elementor-element-bda81c9\" data-id=\"bda81c9\" data-element_type=\"column\">\n\t\t\t<div class=\"elementor-widget-wrap elementor-element-populated\">\n\t\t\t\t\t\t<div class=\"elementor-element elementor-element-af73905 elementor-widget elementor-widget-heading\" data-id=\"af73905\" data-element_type=\"widget\" data-widget_type=\"heading.default\">\n\t\t\t\t<div class=\"elementor-widget-container\">\n\t\t\t\t\t<h2 class=\"elementor-heading-title elementor-size-default\">S\u00e1ra Lili Marsovszki - Trainee lawyer<\/h2>\t\t\t\t<\/div>\n\t\t\t\t<\/div>\n\t\t\t\t\t<\/div>\n\t\t<\/div>\n\t\t\t\t\t<\/div>\n\t\t<\/section>\n\t\t\t\t<section class=\"elementor-section elementor-top-section elementor-element elementor-element-db35a46 elementor-section-boxed elementor-section-height-default elementor-section-height-default\" data-id=\"db35a46\" data-element_type=\"section\">\n\t\t\t\t\t\t<div class=\"elementor-container elementor-column-gap-default\">\n\t\t\t\t\t<div class=\"elementor-column elementor-col-100 elementor-top-column elementor-element elementor-element-1784e46\" data-id=\"1784e46\" data-element_type=\"column\">\n\t\t\t<div class=\"elementor-widget-wrap elementor-element-populated\">\n\t\t\t\t\t\t<section class=\"elementor-section elementor-inner-section elementor-element elementor-element-c0cafba elementor-section-boxed elementor-section-height-default elementor-section-height-default\" data-id=\"c0cafba\" data-element_type=\"section\">\n\t\t\t\t\t\t<div class=\"elementor-container elementor-column-gap-default\">\n\t\t\t\t\t<div class=\"elementor-column elementor-col-50 elementor-inner-column elementor-element elementor-element-1f0567b\" data-id=\"1f0567b\" data-element_type=\"column\">\n\t\t\t<div class=\"elementor-widget-wrap elementor-element-populated\">\n\t\t\t\t\t\t<div class=\"elementor-element elementor-element-0df71fc elementor-widget elementor-widget-image\" data-id=\"0df71fc\" data-element_type=\"widget\" data-widget_type=\"image.default\">\n\t\t\t\t<div class=\"elementor-widget-container\">\n\t\t\t\t\t\t\t\t\t\t\t\t\t\t\t<img fetchpriority=\"high\" decoding=\"async\" width=\"710\" height=\"1024\" src=\"https:\/\/hplegal.eu\/wp-content\/uploads\/2024\/05\/DSC09554-1-710x1024.jpg\" class=\"attachment-large size-large wp-image-2466\" alt=\"\" srcset=\"https:\/\/hplegal.eu\/wp-content\/uploads\/2024\/05\/DSC09554-1-710x1024.jpg 710w, https:\/\/hplegal.eu\/wp-content\/uploads\/2024\/05\/DSC09554-1-208x300.jpg 208w, https:\/\/hplegal.eu\/wp-content\/uploads\/2024\/05\/DSC09554-1-768x1107.jpg 768w, https:\/\/hplegal.eu\/wp-content\/uploads\/2024\/05\/DSC09554-1-1066x1536.jpg 1066w, https:\/\/hplegal.eu\/wp-content\/uploads\/2024\/05\/DSC09554-1.jpg 1280w\" sizes=\"(max-width: 710px) 100vw, 710px\" \/>\t\t\t\t\t\t\t\t\t\t\t\t\t\t\t<\/div>\n\t\t\t\t<\/div>\n\t\t\t\t\t<\/div>\n\t\t<\/div>\n\t\t\t\t<div class=\"elementor-column elementor-col-50 elementor-inner-column elementor-element elementor-element-0d6bd09\" data-id=\"0d6bd09\" data-element_type=\"column\">\n\t\t\t<div class=\"elementor-widget-wrap elementor-element-populated\">\n\t\t\t\t\t\t<div class=\"elementor-element elementor-element-6589269 elementor-widget__width-initial elementor-widget elementor-widget-text-editor\" data-id=\"6589269\" data-element_type=\"widget\" data-widget_type=\"text-editor.default\">\n\t\t\t\t<div class=\"elementor-widget-container\">\n\t\t\t\t\t\t\t\t\t<p>S\u00e1ra received her law degree from the Faculty of Law, University of Szeged in 2023. During her university studies, she worked as a paralegal at several Hungarian law firms. After obtaining her law degree, she was employed as a trainee lawyer at a law firm in Riga, Latvia based on the Erasmus+ scholarship program.<\/p><p>She joined HP Legal in November 2023 as a trainee lawyer. She is specialised in corporate law and commercial agreements.<\/p><p>She is a member of the Budapest Bar and fluent in Hungarian and English.<\/p><p>\u00a0<\/p>\t\t\t\t\t\t\t\t<\/div>\n\t\t\t\t<\/div>\n\t\t\t\t<div class=\"elementor-element elementor-element-9f04a05 elementor-icon-list--layout-traditional elementor-list-item-link-full_width elementor-widget elementor-widget-icon-list\" data-id=\"9f04a05\" data-element_type=\"widget\" data-widget_type=\"icon-list.default\">\n\t\t\t\t<div class=\"elementor-widget-container\">\n\t\t\t\t\t\t\t<ul class=\"elementor-icon-list-items\">\n\t\t\t\t\t\t\t<li class=\"elementor-icon-list-item\">\n\t\t\t\t\t\t\t\t\t\t\t<a href=\"mailto:marsovszki.sara@hplegal.eu\">\n\n\t\t\t\t\t\t\t\t\t\t\t\t<span class=\"elementor-icon-list-icon\">\n\t\t\t\t\t\t\t<i aria-hidden=\"true\" class=\"far fa-envelope-open\"><\/i>\t\t\t\t\t\t<\/span>\n\t\t\t\t\t\t\t\t\t\t<span class=\"elementor-icon-list-text\">marsovszki.sara@hplegal.eu<\/span>\n\t\t\t\t\t\t\t\t\t\t\t<\/a>\n\t\t\t\t\t\t\t\t\t<\/li>\n\t\t\t\t\t\t\t\t<li class=\"elementor-icon-list-item\">\n\t\t\t\t\t\t\t\t\t\t\t<a href=\"tel:003617998230\">\n\n\t\t\t\t\t\t\t\t\t\t\t\t<span class=\"elementor-icon-list-icon\">\n\t\t\t\t\t\t\t<i aria-hidden=\"true\" class=\"fas fa-phone-alt\"><\/i>\t\t\t\t\t\t<\/span>\n\t\t\t\t\t\t\t\t\t\t<span class=\"elementor-icon-list-text\">+36 1 799 8230<\/span>\n\t\t\t\t\t\t\t\t\t\t\t<\/a>\n\t\t\t\t\t\t\t\t\t<\/li>\n\t\t\t\t\t\t<\/ul>\n\t\t\t\t\t\t<\/div>\n\t\t\t\t<\/div>\n\t\t\t\t<div class=\"elementor-element elementor-element-26d0383 elementor-align-left elementor-widget elementor-widget-button\" data-id=\"26d0383\" data-element_type=\"widget\" data-widget_type=\"button.default\">\n\t\t\t\t<div class=\"elementor-widget-container\">\n\t\t\t\t\t\t\t\t\t<div class=\"elementor-button-wrapper\">\n\t\t\t\t\t<a class=\"elementor-button elementor-button-link elementor-size-md\" href=\"https:\/\/hplegal.eu\/en\/our-team\/\">\n\t\t\t\t\t\t<span class=\"elementor-button-content-wrapper\">\n\t\t\t\t\t\t<span class=\"elementor-button-icon\">\n\t\t\t\t<i aria-hidden=\"true\" class=\"fas fa-arrow-right\"><\/i>\t\t\t<\/span>\n\t\t\t\t\t\t\t\t\t<span class=\"elementor-button-text\">BACK TO THE TEAM<\/span>\n\t\t\t\t\t<\/span>\n\t\t\t\t\t<\/a>\n\t\t\t\t<\/div>\n\t\t\t\t\t\t\t\t<\/div>\n\t\t\t\t<\/div>\n\t\t\t\t\t<\/div>\n\t\t<\/div>\n\t\t\t\t\t<\/div>\n\t\t<\/section>\n\t\t\t\t\t<\/div>\n\t\t<\/div>\n\t\t\t\t\t<\/div>\n\t\t<\/section>\n\t\t\t\t<section class=\"elementor-section elementor-top-section elementor-element elementor-element-d5f469c elementor-section-boxed elementor-section-height-default elementor-section-height-default\" data-id=\"d5f469c\" data-element_type=\"section\">\n\t\t\t\t\t\t<div class=\"elementor-container elementor-column-gap-default\">\n\t\t\t\t\t<div class=\"elementor-column elementor-col-100 elementor-top-column elementor-element elementor-element-ea83d08\" data-id=\"ea83d08\" data-element_type=\"column\">\n\t\t\t<div class=\"elementor-widget-wrap elementor-element-populated\">\n\t\t\t\t\t\t<section class=\"elementor-section elementor-inner-section elementor-element elementor-element-7392647 elementor-section-boxed elementor-section-height-default elementor-section-height-default\" data-id=\"7392647\" data-element_type=\"section\">\n\t\t\t\t\t\t<div class=\"elementor-container elementor-column-gap-default\">\n\t\t\t\t\t<div class=\"elementor-column elementor-col-50 elementor-inner-column elementor-element elementor-element-79ea035\" data-id=\"79ea035\" data-element_type=\"column\">\n\t\t\t<div class=\"elementor-widget-wrap\">\n\t\t\t\t\t\t\t<\/div>\n\t\t<\/div>\n\t\t\t\t<div class=\"elementor-column elementor-col-50 elementor-inner-column elementor-element elementor-element-4964625\" data-id=\"4964625\" data-element_type=\"column\">\n\t\t\t<div class=\"elementor-widget-wrap\">\n\t\t\t\t\t\t\t<\/div>\n\t\t<\/div>\n\t\t\t\t\t<\/div>\n\t\t<\/section>\n\t\t\t\t\t<\/div>\n\t\t<\/div>\n\t\t\t\t\t<\/div>\n\t\t<\/section>\n\t\t\t\t<\/div>\n\t\t","protected":false},"excerpt":{"rendered":"<p>S\u00e1ra Lili Marsovszki &#8211; Trainee lawyer S\u00e1ra received her law degree from the Faculty of Law, University of Szeged in 2023. During her university studies, she worked as a paralegal at several Hungarian law firms. After obtaining her law degree, she was employed as a trainee lawyer at a law firm in Riga, Latvia based &#8230; <a title=\"S\u00e1ra Lili Marsovszki\" class=\"read-more\" href=\"https:\/\/hplegal.eu\/en\/sara-lili-marsovszki\/\" aria-label=\"Read more about S\u00e1ra Lili Marsovszki\">Read more<\/a><\/p>\n","protected":false},"author":3,"featured_media":0,"parent":0,"menu_order":0,"comment_status":"closed","ping_status":"closed","template":"elementor_header_footer","meta":{"footnotes":""},"class_list":["post-2346","page","type-page","status-publish"],"yoast_head":"<!-- This site is optimized with the Yoast SEO Premium plugin v25.6 (Yoast SEO v26.1.1) - https:\/\/yoast.com\/wordpress\/plugins\/seo\/ -->\n<title>S\u00e1ra Lili Marsovszki - HP Legal<\/title>\n<meta name=\"robots\" content=\"index, follow, max-snippet:-1, max-image-preview:large, max-video-preview:-1\" \/>\n<link rel=\"canonical\" href=\"https:\/\/hplegal.eu\/en\/sara-lili-marsovszki\/\" \/>\n<meta property=\"og:locale\" content=\"en_US\" \/>\n<meta property=\"og:type\" content=\"article\" \/>\n<meta property=\"og:title\" content=\"S\u00e1ra Lili Marsovszki\" \/>\n<meta property=\"og:description\" content=\"S\u00e1ra Lili Marsovszki &#8211; Trainee lawyer S\u00e1ra received her law degree from the Faculty of Law, University of Szeged in 2023. During her university studies, she worked as a paralegal at several Hungarian law firms. After obtaining her law degree, she was employed as a trainee lawyer at a law firm in Riga, Latvia based ... Read more\" \/>\n<meta property=\"og:url\" content=\"https:\/\/hplegal.eu\/en\/sara-lili-marsovszki\/\" \/>\n<meta property=\"og:site_name\" content=\"HP Legal\" \/>\n<meta property=\"article:modified_time\" content=\"2024-05-08T10:43:24+00:00\" \/>\n<meta property=\"og:image\" content=\"https:\/\/hplegal.eu\/wp-content\/uploads\/2024\/05\/DSC09554-1-710x1024.jpg\" \/>\n<meta name=\"twitter:card\" content=\"summary_large_image\" \/>\n<meta name=\"twitter:label1\" content=\"Est. reading time\" \/>\n\t<meta name=\"twitter:data1\" content=\"1 minute\" \/>\n<script type=\"application\/ld+json\" class=\"yoast-schema-graph\">{\"@context\":\"https:\/\/schema.org\",\"@graph\":[{\"@type\":\"WebPage\",\"@id\":\"https:\/\/hplegal.eu\/en\/sara-lili-marsovszki\/\",\"url\":\"https:\/\/hplegal.eu\/en\/sara-lili-marsovszki\/\",\"name\":\"S\u00e1ra Lili Marsovszki - HP Legal\",\"isPartOf\":{\"@id\":\"https:\/\/hplegal.eu\/#website\"},\"primaryImageOfPage\":{\"@id\":\"https:\/\/hplegal.eu\/en\/sara-lili-marsovszki\/#primaryimage\"},\"image\":{\"@id\":\"https:\/\/hplegal.eu\/en\/sara-lili-marsovszki\/#primaryimage\"},\"thumbnailUrl\":\"https:\/\/hplegal.eu\/wp-content\/uploads\/2024\/05\/DSC09554-1-710x1024.jpg\",\"datePublished\":\"2024-05-03T10:25:30+00:00\",\"dateModified\":\"2024-05-08T10:43:24+00:00\",\"breadcrumb\":{\"@id\":\"https:\/\/hplegal.eu\/en\/sara-lili-marsovszki\/#breadcrumb\"},\"inLanguage\":\"en-US\",\"potentialAction\":[{\"@type\":\"ReadAction\",\"target\":[\"https:\/\/hplegal.eu\/en\/sara-lili-marsovszki\/\"]}]},{\"@type\":\"ImageObject\",\"inLanguage\":\"en-US\",\"@id\":\"https:\/\/hplegal.eu\/en\/sara-lili-marsovszki\/#primaryimage\",\"url\":\"https:\/\/hplegal.eu\/wp-content\/uploads\/2024\/05\/DSC09554-1-710x1024.jpg\",\"contentUrl\":\"https:\/\/hplegal.eu\/wp-content\/uploads\/2024\/05\/DSC09554-1-710x1024.jpg\"},{\"@type\":\"BreadcrumbList\",\"@id\":\"https:\/\/hplegal.eu\/en\/sara-lili-marsovszki\/#breadcrumb\",\"itemListElement\":[{\"@type\":\"ListItem\",\"position\":1,\"name\":\"Home\",\"item\":\"https:\/\/hplegal.eu\/en\/\"},{\"@type\":\"ListItem\",\"position\":2,\"name\":\"S\u00e1ra Lili Marsovszki\"}]},{\"@type\":\"WebSite\",\"@id\":\"https:\/\/hplegal.eu\/#website\",\"url\":\"https:\/\/hplegal.eu\/\",\"name\":\"HP Legal\",\"description\":\"A Hungarian Independent Business Law Advisory Powerhouse\",\"publisher\":{\"@id\":\"https:\/\/hplegal.eu\/#organization\"},\"potentialAction\":[{\"@type\":\"SearchAction\",\"target\":{\"@type\":\"EntryPoint\",\"urlTemplate\":\"https:\/\/hplegal.eu\/?s={search_term_string}\"},\"query-input\":{\"@type\":\"PropertyValueSpecification\",\"valueRequired\":true,\"valueName\":\"search_term_string\"}}],\"inLanguage\":\"en-US\"},{\"@type\":\"Organization\",\"@id\":\"https:\/\/hplegal.eu\/#organization\",\"name\":\"HP Legal\",\"url\":\"https:\/\/hplegal.eu\/\",\"logo\":{\"@type\":\"ImageObject\",\"inLanguage\":\"en-US\",\"@id\":\"https:\/\/hplegal.eu\/#\/schema\/logo\/image\/\",\"url\":\"https:\/\/hplegal.eu\/wp-content\/uploads\/2021\/02\/hplegal_logo_final_singel_211_128-1.png\",\"contentUrl\":\"https:\/\/hplegal.eu\/wp-content\/uploads\/2021\/02\/hplegal_logo_final_singel_211_128-1.png\",\"width\":211,\"height\":128,\"caption\":\"HP Legal\"},\"image\":{\"@id\":\"https:\/\/hplegal.eu\/#\/schema\/logo\/image\/\"}}]}<\/script>\n<!-- \/ Yoast SEO Premium plugin. -->","yoast_head_json":{"title":"S\u00e1ra Lili Marsovszki - HP Legal","robots":{"index":"index","follow":"follow","max-snippet":"max-snippet:-1","max-image-preview":"max-image-preview:large","max-video-preview":"max-video-preview:-1"},"canonical":"https:\/\/hplegal.eu\/en\/sara-lili-marsovszki\/","og_locale":"en_US","og_type":"article","og_title":"S\u00e1ra Lili Marsovszki","og_description":"S\u00e1ra Lili Marsovszki &#8211; Trainee lawyer S\u00e1ra received her law degree from the Faculty of Law, University of Szeged in 2023. During her university studies, she worked as a paralegal at several Hungarian law firms. After obtaining her law degree, she was employed as a trainee lawyer at a law firm in Riga, Latvia based ... Read more","og_url":"https:\/\/hplegal.eu\/en\/sara-lili-marsovszki\/","og_site_name":"HP Legal","article_modified_time":"2024-05-08T10:43:24+00:00","og_image":[{"url":"https:\/\/hplegal.eu\/wp-content\/uploads\/2024\/05\/DSC09554-1-710x1024.jpg","type":"","width":"","height":""}],"twitter_card":"summary_large_image","twitter_misc":{"Est. reading time":"1 minute"},"schema":{"@context":"https:\/\/schema.org","@graph":[{"@type":"WebPage","@id":"https:\/\/hplegal.eu\/en\/sara-lili-marsovszki\/","url":"https:\/\/hplegal.eu\/en\/sara-lili-marsovszki\/","name":"S\u00e1ra Lili Marsovszki - HP Legal","isPartOf":{"@id":"https:\/\/hplegal.eu\/#website"},"primaryImageOfPage":{"@id":"https:\/\/hplegal.eu\/en\/sara-lili-marsovszki\/#primaryimage"},"image":{"@id":"https:\/\/hplegal.eu\/en\/sara-lili-marsovszki\/#primaryimage"},"thumbnailUrl":"https:\/\/hplegal.eu\/wp-content\/uploads\/2024\/05\/DSC09554-1-710x1024.jpg","datePublished":"2024-05-03T10:25:30+00:00","dateModified":"2024-05-08T10:43:24+00:00","breadcrumb":{"@id":"https:\/\/hplegal.eu\/en\/sara-lili-marsovszki\/#breadcrumb"},"inLanguage":"en-US","potentialAction":[{"@type":"ReadAction","target":["https:\/\/hplegal.eu\/en\/sara-lili-marsovszki\/"]}]},{"@type":"ImageObject","inLanguage":"en-US","@id":"https:\/\/hplegal.eu\/en\/sara-lili-marsovszki\/#primaryimage","url":"https:\/\/hplegal.eu\/wp-content\/uploads\/2024\/05\/DSC09554-1-710x1024.jpg","contentUrl":"https:\/\/hplegal.eu\/wp-content\/uploads\/2024\/05\/DSC09554-1-710x1024.jpg"},{"@type":"BreadcrumbList","@id":"https:\/\/hplegal.eu\/en\/sara-lili-marsovszki\/#breadcrumb","itemListElement":[{"@type":"ListItem","position":1,"name":"Home","item":"https:\/\/hplegal.eu\/en\/"},{"@type":"ListItem","position":2,"name":"S\u00e1ra Lili Marsovszki"}]},{"@type":"WebSite","@id":"https:\/\/hplegal.eu\/#website","url":"https:\/\/hplegal.eu\/","name":"HP Legal","description":"A Hungarian Independent Business Law Advisory Powerhouse","publisher":{"@id":"https:\/\/hplegal.eu\/#organization"},"potentialAction":[{"@type":"SearchAction","target":{"@type":"EntryPoint","urlTemplate":"https:\/\/hplegal.eu\/?s={search_term_string}"},"query-input":{"@type":"PropertyValueSpecification","valueRequired":true,"valueName":"search_term_string"}}],"inLanguage":"en-US"},{"@type":"Organization","@id":"https:\/\/hplegal.eu\/#organization","name":"HP Legal","url":"https:\/\/hplegal.eu\/","logo":{"@type":"ImageObject","inLanguage":"en-US","@id":"https:\/\/hplegal.eu\/#\/schema\/logo\/image\/","url":"https:\/\/hplegal.eu\/wp-content\/uploads\/2021\/02\/hplegal_logo_final_singel_211_128-1.png","contentUrl":"https:\/\/hplegal.eu\/wp-content\/uploads\/2021\/02\/hplegal_logo_final_singel_211_128-1.png","width":211,"height":128,"caption":"HP Legal"},"image":{"@id":"https:\/\/hplegal.eu\/#\/schema\/logo\/image\/"}}]}},"_links":{"self":[{"href":"https:\/\/hplegal.eu\/en\/wp-json\/wp\/v2\/pages\/2346","targetHints":{"allow":["GET"]}}],"collection":[{"href":"https:\/\/hplegal.eu\/en\/wp-json\/wp\/v2\/pages"}],"about":[{"href":"https:\/\/hplegal.eu\/en\/wp-json\/wp\/v2\/types\/page"}],"author":[{"embeddable":true,"href":"https:\/\/hplegal.eu\/en\/wp-json\/wp\/v2\/users\/3"}],"replies":[{"embeddable":true,"href":"https:\/\/hplegal.eu\/en\/wp-json\/wp\/v2\/comments?post=2346"}],"version-history":[{"count":14,"href":"https:\/\/hplegal.eu\/en\/wp-json\/wp\/v2\/pages\/2346\/revisions"}],"predecessor-version":[{"id":2622,"href":"https:\/\/hplegal.eu\/en\/wp-json\/wp\/v2\/pages\/2346\/revisions\/2622"}],"wp:attachment":[{"href":"https:\/\/hplegal.eu\/en\/wp-json\/wp\/v2\/media?parent=2346"}],"curies":[{"name":"wp","href":"https:\/\/api.w.org\/{rel}","templated":true}]}}