{"id":470,"date":"2021-02-12T07:54:23","date_gmt":"2021-02-12T07:54:23","guid":{"rendered":"https:\/\/hplegal.eu\/?page_id=470"},"modified":"2026-03-25T10:53:56","modified_gmt":"2026-03-25T10:53:56","slug":"chambers-partners","status":"publish","type":"page","link":"https:\/\/hplegal.eu\/en\/chambers-partners\/","title":{"rendered":"Chambers &#038; Partners"},"content":{"rendered":"\t\t<div data-elementor-type=\"wp-page\" data-elementor-id=\"470\" class=\"elementor elementor-470 elementor-374\" data-elementor-post-type=\"page\">\n\t\t\t\t\t\t<section class=\"elementor-section elementor-top-section elementor-element elementor-element-7a5662d elementor-section-boxed elementor-section-height-default elementor-section-height-default\" data-id=\"7a5662d\" data-element_type=\"section\" data-settings=\"{&quot;background_background&quot;:&quot;classic&quot;}\">\n\t\t\t\t\t\t\t<div class=\"elementor-background-overlay\"><\/div>\n\t\t\t\t\t\t\t<div class=\"elementor-container elementor-column-gap-default\">\n\t\t\t\t\t<div class=\"elementor-column elementor-col-100 elementor-top-column elementor-element elementor-element-0f63be4\" data-id=\"0f63be4\" data-element_type=\"column\">\n\t\t\t<div class=\"elementor-widget-wrap elementor-element-populated\">\n\t\t\t\t\t\t<div class=\"elementor-element elementor-element-3fbd3e9 elementor-widget elementor-widget-heading\" data-id=\"3fbd3e9\" data-element_type=\"widget\" data-widget_type=\"heading.default\">\n\t\t\t\t<div class=\"elementor-widget-container\">\n\t\t\t\t\t<h1 class=\"elementor-heading-title elementor-size-default\">Recognition &amp; Awards <\/h1>\t\t\t\t<\/div>\n\t\t\t\t<\/div>\n\t\t\t\t\t<\/div>\n\t\t<\/div>\n\t\t\t\t\t<\/div>\n\t\t<\/section>\n\t\t\t\t<section class=\"elementor-section elementor-top-section elementor-element elementor-element-296f0da elementor-section-boxed elementor-section-height-default elementor-section-height-default\" data-id=\"296f0da\" data-element_type=\"section\">\n\t\t\t\t\t\t<div class=\"elementor-container elementor-column-gap-default\">\n\t\t\t\t\t<div class=\"elementor-column elementor-col-100 elementor-top-column elementor-element elementor-element-356973f\" data-id=\"356973f\" data-element_type=\"column\">\n\t\t\t<div class=\"elementor-widget-wrap elementor-element-populated\">\n\t\t\t\t\t\t<div class=\"elementor-element elementor-element-60813cf elementor-nav-menu__align-center elementor-nav-menu--dropdown-none elementor-widget elementor-widget-nav-menu\" data-id=\"60813cf\" data-element_type=\"widget\" data-settings=\"{&quot;layout&quot;:&quot;horizontal&quot;,&quot;submenu_icon&quot;:{&quot;value&quot;:&quot;&lt;i class=\\&quot;fas fa-caret-down\\&quot; aria-hidden=\\&quot;true\\&quot;&gt;&lt;\\\/i&gt;&quot;,&quot;library&quot;:&quot;fa-solid&quot;}}\" data-widget_type=\"nav-menu.default\">\n\t\t\t\t<div class=\"elementor-widget-container\">\n\t\t\t\t\t\t\t\t<nav aria-label=\"Men\u00fc\" class=\"elementor-nav-menu--main elementor-nav-menu__container elementor-nav-menu--layout-horizontal e--pointer-underline e--animation-fade\">\n\t\t\t\t<ul id=\"menu-1-60813cf\" class=\"elementor-nav-menu\"><li class=\"menu-item menu-item-type-post_type menu-item-object-page menu-item-620\"><a href=\"https:\/\/hplegal.eu\/en\/chambers-partners\/\" class=\"elementor-item\">Chambers &#038; Partners<\/a><\/li>\n<li class=\"menu-item menu-item-type-post_type menu-item-object-page menu-item-622\"><a href=\"https:\/\/hplegal.eu\/en\/legal500\/\" class=\"elementor-item\">Legal500<\/a><\/li>\n<li class=\"menu-item menu-item-type-post_type menu-item-object-page menu-item-621\"><a href=\"https:\/\/hplegal.eu\/en\/iflr500\/\" class=\"elementor-item\">IFLR500<\/a><\/li>\n<\/ul>\t\t\t<\/nav>\n\t\t\t\t\t\t<nav class=\"elementor-nav-menu--dropdown elementor-nav-menu__container\" aria-hidden=\"true\">\n\t\t\t\t<ul id=\"menu-2-60813cf\" class=\"elementor-nav-menu\"><li class=\"menu-item menu-item-type-post_type menu-item-object-page menu-item-620\"><a href=\"https:\/\/hplegal.eu\/en\/chambers-partners\/\" class=\"elementor-item\" tabindex=\"-1\">Chambers &#038; Partners<\/a><\/li>\n<li class=\"menu-item menu-item-type-post_type menu-item-object-page menu-item-622\"><a href=\"https:\/\/hplegal.eu\/en\/legal500\/\" class=\"elementor-item\" tabindex=\"-1\">Legal500<\/a><\/li>\n<li class=\"menu-item menu-item-type-post_type menu-item-object-page menu-item-621\"><a href=\"https:\/\/hplegal.eu\/en\/iflr500\/\" class=\"elementor-item\" tabindex=\"-1\">IFLR500<\/a><\/li>\n<\/ul>\t\t\t<\/nav>\n\t\t\t\t\t\t<\/div>\n\t\t\t\t<\/div>\n\t\t\t\t\t<\/div>\n\t\t<\/div>\n\t\t\t\t\t<\/div>\n\t\t<\/section>\n\t\t\t\t<section class=\"elementor-section elementor-top-section elementor-element elementor-element-44743bd elementor-section-boxed elementor-section-height-default elementor-section-height-default\" data-id=\"44743bd\" data-element_type=\"section\">\n\t\t\t\t\t\t<div class=\"elementor-container elementor-column-gap-default\">\n\t\t\t\t\t<div class=\"elementor-column elementor-col-100 elementor-top-column elementor-element elementor-element-e4475f5\" data-id=\"e4475f5\" data-element_type=\"column\">\n\t\t\t<div class=\"elementor-widget-wrap elementor-element-populated\">\n\t\t\t\t\t\t<section class=\"elementor-section elementor-inner-section elementor-element elementor-element-119fe36 elementor-section-boxed elementor-section-height-default elementor-section-height-default\" data-id=\"119fe36\" data-element_type=\"section\">\n\t\t\t\t\t\t<div class=\"elementor-container elementor-column-gap-default\">\n\t\t\t\t\t<div class=\"elementor-column elementor-col-50 elementor-inner-column elementor-element elementor-element-097ce9f\" data-id=\"097ce9f\" data-element_type=\"column\">\n\t\t\t<div class=\"elementor-widget-wrap elementor-element-populated\">\n\t\t\t\t\t\t<div class=\"elementor-element elementor-element-bbc3194 elementor-widget elementor-widget-image\" data-id=\"bbc3194\" data-element_type=\"widget\" data-widget_type=\"image.default\">\n\t\t\t\t<div class=\"elementor-widget-container\">\n\t\t\t\t\t\t\t\t\t\t\t\t\t\t\t<img fetchpriority=\"high\" decoding=\"async\" width=\"300\" height=\"210\" src=\"https:\/\/hplegal.eu\/wp-content\/uploads\/2026\/03\/Chambers_Europe_2026-300x210.jpg\" class=\"attachment-medium size-medium wp-image-3283\" alt=\"\" srcset=\"https:\/\/hplegal.eu\/wp-content\/uploads\/2026\/03\/Chambers_Europe_2026-300x210.jpg 300w, https:\/\/hplegal.eu\/wp-content\/uploads\/2026\/03\/Chambers_Europe_2026-1024x718.jpg 1024w, https:\/\/hplegal.eu\/wp-content\/uploads\/2026\/03\/Chambers_Europe_2026-768x538.jpg 768w, https:\/\/hplegal.eu\/wp-content\/uploads\/2026\/03\/Chambers_Europe_2026.jpg 1247w\" sizes=\"(max-width: 300px) 100vw, 300px\" \/>\t\t\t\t\t\t\t\t\t\t\t\t\t\t\t<\/div>\n\t\t\t\t<\/div>\n\t\t\t\t\t<\/div>\n\t\t<\/div>\n\t\t\t\t<div class=\"elementor-column elementor-col-50 elementor-inner-column elementor-element elementor-element-403449e\" data-id=\"403449e\" data-element_type=\"column\">\n\t\t\t<div class=\"elementor-widget-wrap elementor-element-populated\">\n\t\t\t\t\t\t<div class=\"elementor-element elementor-element-1a1249c elementor-blockquote--skin-quotation elementor-widget elementor-widget-blockquote\" data-id=\"1a1249c\" data-element_type=\"widget\" data-widget_type=\"blockquote.default\">\n\t\t\t\t<div class=\"elementor-widget-container\">\n\t\t\t\t\t\t\t<blockquote class=\"elementor-blockquote\">\n\t\t\t<p class=\"elementor-blockquote__content\">\n\t\t\t\t'The lawyers at HP Legal are dealmakers rather than dealbreakers. They are knowledgeable and business-minded.'<br><br>'The lawyers have outstanding knowledge and relevant industry experience. They provide a high level of analytical skills, strategic thinking and precedent knowledge necessary to resolve complex issues.'<br><br>'L\u00e1szl\u00f3 Hajdu brings an unmatched combination of sector insight, strategic thinking and personal commitment to client success.'<br><br>'L\u00e1szl\u00f3 Hajdu is an experienced lawyer with excellent communication skills and legal expertise.'<br><br>'R\u00e9ka Versics has a rare talent for balancing legal precision with commercial practicality, making her a trusted adviser in high-stakes transactions.'<br><br>'R\u00e9ka is a very knowledgeable lawyer, very good in her field. She is a rare type of lawyer who understands all of our business interests and works until she achieves the best deal for us.'<br><br>\t\t\t<\/p>\n\t\t\t\t\t<\/blockquote>\n\t\t\t\t\t\t<\/div>\n\t\t\t\t<\/div>\n\t\t\t\t\t<\/div>\n\t\t<\/div>\n\t\t\t\t\t<\/div>\n\t\t<\/section>\n\t\t\t\t\t<\/div>\n\t\t<\/div>\n\t\t\t\t\t<\/div>\n\t\t<\/section>\n\t\t\t\t<\/div>\n\t\t","protected":false},"excerpt":{"rendered":"<p>Recognition &amp; Awards &#8216;The lawyers at HP Legal are dealmakers rather than dealbreakers. They are knowledgeable and business-minded.&#8217; &#8216;The lawyers have outstanding knowledge and relevant industry experience. They provide a high level of analytical skills, strategic thinking and precedent knowledge necessary to resolve complex issues.&#8217; &#8216;L\u00e1szl\u00f3 Hajdu brings an unmatched combination of sector insight, strategic &#8230; <a title=\"Chambers &#038; Partners\" class=\"read-more\" href=\"https:\/\/hplegal.eu\/en\/chambers-partners\/\" aria-label=\"Read more about Chambers &#038; Partners\">Read more<\/a><\/p>\n","protected":false},"author":1,"featured_media":0,"parent":0,"menu_order":0,"comment_status":"closed","ping_status":"closed","template":"elementor_header_footer","meta":{"footnotes":""},"class_list":["post-470","page","type-page","status-publish"],"yoast_head":"<!-- This site is optimized with the Yoast SEO Premium plugin v25.6 (Yoast SEO v26.1.1) - https:\/\/yoast.com\/wordpress\/plugins\/seo\/ -->\n<title>Chambers &amp; Partners - HP Legal<\/title>\n<meta name=\"robots\" content=\"index, follow, max-snippet:-1, max-image-preview:large, max-video-preview:-1\" \/>\n<link rel=\"canonical\" href=\"https:\/\/hplegal.eu\/en\/chambers-partners\/\" \/>\n<meta property=\"og:locale\" content=\"en_US\" \/>\n<meta property=\"og:type\" content=\"article\" \/>\n<meta property=\"og:title\" content=\"Chambers &amp; Partners\" \/>\n<meta property=\"og:description\" content=\"Recognition &amp; Awards &#8216;The lawyers at HP Legal are dealmakers rather than dealbreakers. They are knowledgeable and business-minded.&#8217; &#8216;The lawyers have outstanding knowledge and relevant industry experience. They provide a high level of analytical skills, strategic thinking and precedent knowledge necessary to resolve complex issues.&#8217; &#8216;L\u00e1szl\u00f3 Hajdu brings an unmatched combination of sector insight, strategic ... Read more\" \/>\n<meta property=\"og:url\" content=\"https:\/\/hplegal.eu\/en\/chambers-partners\/\" \/>\n<meta property=\"og:site_name\" content=\"HP Legal\" \/>\n<meta property=\"article:modified_time\" content=\"2026-03-25T10:53:56+00:00\" \/>\n<meta property=\"og:image\" content=\"https:\/\/hplegal.eu\/wp-content\/uploads\/2026\/03\/Chambers_Europe_2026.jpg\" \/>\n\t<meta property=\"og:image:width\" content=\"1247\" \/>\n\t<meta property=\"og:image:height\" content=\"874\" \/>\n\t<meta property=\"og:image:type\" content=\"image\/jpeg\" \/>\n<meta name=\"twitter:card\" content=\"summary_large_image\" \/>\n<meta name=\"twitter:label1\" content=\"Est. reading time\" \/>\n\t<meta name=\"twitter:data1\" content=\"1 minute\" \/>\n<script type=\"application\/ld+json\" class=\"yoast-schema-graph\">{\"@context\":\"https:\/\/schema.org\",\"@graph\":[{\"@type\":\"WebPage\",\"@id\":\"https:\/\/hplegal.eu\/en\/chambers-partners\/\",\"url\":\"https:\/\/hplegal.eu\/en\/chambers-partners\/\",\"name\":\"Chambers & Partners - HP Legal\",\"isPartOf\":{\"@id\":\"https:\/\/hplegal.eu\/#website\"},\"primaryImageOfPage\":{\"@id\":\"https:\/\/hplegal.eu\/en\/chambers-partners\/#primaryimage\"},\"image\":{\"@id\":\"https:\/\/hplegal.eu\/en\/chambers-partners\/#primaryimage\"},\"thumbnailUrl\":\"https:\/\/hplegal.eu\/wp-content\/uploads\/2026\/03\/Chambers_Europe_2026-300x210.jpg\",\"datePublished\":\"2021-02-12T07:54:23+00:00\",\"dateModified\":\"2026-03-25T10:53:56+00:00\",\"breadcrumb\":{\"@id\":\"https:\/\/hplegal.eu\/en\/chambers-partners\/#breadcrumb\"},\"inLanguage\":\"en-US\",\"potentialAction\":[{\"@type\":\"ReadAction\",\"target\":[\"https:\/\/hplegal.eu\/en\/chambers-partners\/\"]}]},{\"@type\":\"ImageObject\",\"inLanguage\":\"en-US\",\"@id\":\"https:\/\/hplegal.eu\/en\/chambers-partners\/#primaryimage\",\"url\":\"https:\/\/hplegal.eu\/wp-content\/uploads\/2026\/03\/Chambers_Europe_2026-300x210.jpg\",\"contentUrl\":\"https:\/\/hplegal.eu\/wp-content\/uploads\/2026\/03\/Chambers_Europe_2026-300x210.jpg\"},{\"@type\":\"BreadcrumbList\",\"@id\":\"https:\/\/hplegal.eu\/en\/chambers-partners\/#breadcrumb\",\"itemListElement\":[{\"@type\":\"ListItem\",\"position\":1,\"name\":\"Home\",\"item\":\"https:\/\/hplegal.eu\/en\/\"},{\"@type\":\"ListItem\",\"position\":2,\"name\":\"Chambers &#038; Partners\"}]},{\"@type\":\"WebSite\",\"@id\":\"https:\/\/hplegal.eu\/#website\",\"url\":\"https:\/\/hplegal.eu\/\",\"name\":\"HP Legal\",\"description\":\"A Hungarian Independent Business Law Advisory Powerhouse\",\"publisher\":{\"@id\":\"https:\/\/hplegal.eu\/#organization\"},\"potentialAction\":[{\"@type\":\"SearchAction\",\"target\":{\"@type\":\"EntryPoint\",\"urlTemplate\":\"https:\/\/hplegal.eu\/?s={search_term_string}\"},\"query-input\":{\"@type\":\"PropertyValueSpecification\",\"valueRequired\":true,\"valueName\":\"search_term_string\"}}],\"inLanguage\":\"en-US\"},{\"@type\":\"Organization\",\"@id\":\"https:\/\/hplegal.eu\/#organization\",\"name\":\"HP Legal\",\"url\":\"https:\/\/hplegal.eu\/\",\"logo\":{\"@type\":\"ImageObject\",\"inLanguage\":\"en-US\",\"@id\":\"https:\/\/hplegal.eu\/#\/schema\/logo\/image\/\",\"url\":\"https:\/\/hplegal.eu\/wp-content\/uploads\/2021\/02\/hplegal_logo_final_singel_211_128-1.png\",\"contentUrl\":\"https:\/\/hplegal.eu\/wp-content\/uploads\/2021\/02\/hplegal_logo_final_singel_211_128-1.png\",\"width\":211,\"height\":128,\"caption\":\"HP Legal\"},\"image\":{\"@id\":\"https:\/\/hplegal.eu\/#\/schema\/logo\/image\/\"}}]}<\/script>\n<!-- \/ Yoast SEO Premium plugin. -->","yoast_head_json":{"title":"Chambers & Partners - HP Legal","robots":{"index":"index","follow":"follow","max-snippet":"max-snippet:-1","max-image-preview":"max-image-preview:large","max-video-preview":"max-video-preview:-1"},"canonical":"https:\/\/hplegal.eu\/en\/chambers-partners\/","og_locale":"en_US","og_type":"article","og_title":"Chambers & Partners","og_description":"Recognition &amp; Awards &#8216;The lawyers at HP Legal are dealmakers rather than dealbreakers. They are knowledgeable and business-minded.&#8217; &#8216;The lawyers have outstanding knowledge and relevant industry experience. They provide a high level of analytical skills, strategic thinking and precedent knowledge necessary to resolve complex issues.&#8217; &#8216;L\u00e1szl\u00f3 Hajdu brings an unmatched combination of sector insight, strategic ... Read more","og_url":"https:\/\/hplegal.eu\/en\/chambers-partners\/","og_site_name":"HP Legal","article_modified_time":"2026-03-25T10:53:56+00:00","og_image":[{"width":1247,"height":874,"url":"https:\/\/hplegal.eu\/wp-content\/uploads\/2026\/03\/Chambers_Europe_2026.jpg","type":"image\/jpeg"}],"twitter_card":"summary_large_image","twitter_misc":{"Est. reading time":"1 minute"},"schema":{"@context":"https:\/\/schema.org","@graph":[{"@type":"WebPage","@id":"https:\/\/hplegal.eu\/en\/chambers-partners\/","url":"https:\/\/hplegal.eu\/en\/chambers-partners\/","name":"Chambers & Partners - HP Legal","isPartOf":{"@id":"https:\/\/hplegal.eu\/#website"},"primaryImageOfPage":{"@id":"https:\/\/hplegal.eu\/en\/chambers-partners\/#primaryimage"},"image":{"@id":"https:\/\/hplegal.eu\/en\/chambers-partners\/#primaryimage"},"thumbnailUrl":"https:\/\/hplegal.eu\/wp-content\/uploads\/2026\/03\/Chambers_Europe_2026-300x210.jpg","datePublished":"2021-02-12T07:54:23+00:00","dateModified":"2026-03-25T10:53:56+00:00","breadcrumb":{"@id":"https:\/\/hplegal.eu\/en\/chambers-partners\/#breadcrumb"},"inLanguage":"en-US","potentialAction":[{"@type":"ReadAction","target":["https:\/\/hplegal.eu\/en\/chambers-partners\/"]}]},{"@type":"ImageObject","inLanguage":"en-US","@id":"https:\/\/hplegal.eu\/en\/chambers-partners\/#primaryimage","url":"https:\/\/hplegal.eu\/wp-content\/uploads\/2026\/03\/Chambers_Europe_2026-300x210.jpg","contentUrl":"https:\/\/hplegal.eu\/wp-content\/uploads\/2026\/03\/Chambers_Europe_2026-300x210.jpg"},{"@type":"BreadcrumbList","@id":"https:\/\/hplegal.eu\/en\/chambers-partners\/#breadcrumb","itemListElement":[{"@type":"ListItem","position":1,"name":"Home","item":"https:\/\/hplegal.eu\/en\/"},{"@type":"ListItem","position":2,"name":"Chambers &#038; Partners"}]},{"@type":"WebSite","@id":"https:\/\/hplegal.eu\/#website","url":"https:\/\/hplegal.eu\/","name":"HP Legal","description":"A Hungarian Independent Business Law Advisory Powerhouse","publisher":{"@id":"https:\/\/hplegal.eu\/#organization"},"potentialAction":[{"@type":"SearchAction","target":{"@type":"EntryPoint","urlTemplate":"https:\/\/hplegal.eu\/?s={search_term_string}"},"query-input":{"@type":"PropertyValueSpecification","valueRequired":true,"valueName":"search_term_string"}}],"inLanguage":"en-US"},{"@type":"Organization","@id":"https:\/\/hplegal.eu\/#organization","name":"HP Legal","url":"https:\/\/hplegal.eu\/","logo":{"@type":"ImageObject","inLanguage":"en-US","@id":"https:\/\/hplegal.eu\/#\/schema\/logo\/image\/","url":"https:\/\/hplegal.eu\/wp-content\/uploads\/2021\/02\/hplegal_logo_final_singel_211_128-1.png","contentUrl":"https:\/\/hplegal.eu\/wp-content\/uploads\/2021\/02\/hplegal_logo_final_singel_211_128-1.png","width":211,"height":128,"caption":"HP Legal"},"image":{"@id":"https:\/\/hplegal.eu\/#\/schema\/logo\/image\/"}}]}},"_links":{"self":[{"href":"https:\/\/hplegal.eu\/en\/wp-json\/wp\/v2\/pages\/470","targetHints":{"allow":["GET"]}}],"collection":[{"href":"https:\/\/hplegal.eu\/en\/wp-json\/wp\/v2\/pages"}],"about":[{"href":"https:\/\/hplegal.eu\/en\/wp-json\/wp\/v2\/types\/page"}],"author":[{"embeddable":true,"href":"https:\/\/hplegal.eu\/en\/wp-json\/wp\/v2\/users\/1"}],"replies":[{"embeddable":true,"href":"https:\/\/hplegal.eu\/en\/wp-json\/wp\/v2\/comments?post=470"}],"version-history":[{"count":49,"href":"https:\/\/hplegal.eu\/en\/wp-json\/wp\/v2\/pages\/470\/revisions"}],"predecessor-version":[{"id":3302,"href":"https:\/\/hplegal.eu\/en\/wp-json\/wp\/v2\/pages\/470\/revisions\/3302"}],"wp:attachment":[{"href":"https:\/\/hplegal.eu\/en\/wp-json\/wp\/v2\/media?parent=470"}],"curies":[{"name":"wp","href":"https:\/\/api.w.org\/{rel}","templated":true}]}}