{"id":498,"date":"2021-02-12T08:10:57","date_gmt":"2021-02-12T08:10:57","guid":{"rendered":"https:\/\/hplegal.eu\/?page_id=498"},"modified":"2025-04-24T10:04:08","modified_gmt":"2025-04-24T10:04:08","slug":"laszlo-hajdu","status":"publish","type":"page","link":"https:\/\/hplegal.eu\/en\/laszlo-hajdu\/","title":{"rendered":"L\u00e1szl\u00f3 Hajdu"},"content":{"rendered":"\t\t<div data-elementor-type=\"wp-page\" data-elementor-id=\"498\" class=\"elementor elementor-498 elementor-29\" data-elementor-post-type=\"page\">\n\t\t\t\t\t\t<section class=\"elementor-section elementor-top-section elementor-element elementor-element-548cc68 elementor-section-boxed elementor-section-height-default elementor-section-height-default\" data-id=\"548cc68\" data-element_type=\"section\" data-settings=\"{&quot;background_background&quot;:&quot;classic&quot;}\">\n\t\t\t\t\t\t<div class=\"elementor-container elementor-column-gap-default\">\n\t\t\t\t\t<div class=\"elementor-column elementor-col-100 elementor-top-column elementor-element elementor-element-873dca5\" data-id=\"873dca5\" data-element_type=\"column\">\n\t\t\t<div class=\"elementor-widget-wrap elementor-element-populated\">\n\t\t\t\t\t\t<div class=\"elementor-element elementor-element-abbd841 elementor-widget elementor-widget-heading\" data-id=\"abbd841\" data-element_type=\"widget\" data-widget_type=\"heading.default\">\n\t\t\t\t<div class=\"elementor-widget-container\">\n\t\t\t\t\t<h2 class=\"elementor-heading-title elementor-size-default\">L\u00e1szl\u00f3 Hajdu - Partner<\/h2>\t\t\t\t<\/div>\n\t\t\t\t<\/div>\n\t\t\t\t\t<\/div>\n\t\t<\/div>\n\t\t\t\t\t<\/div>\n\t\t<\/section>\n\t\t\t\t<section class=\"elementor-section elementor-top-section elementor-element elementor-element-6bb8453 elementor-section-boxed elementor-section-height-default elementor-section-height-default\" data-id=\"6bb8453\" data-element_type=\"section\">\n\t\t\t\t\t\t<div class=\"elementor-container elementor-column-gap-wider\">\n\t\t\t\t\t<div class=\"elementor-column elementor-col-33 elementor-top-column elementor-element elementor-element-e92e7c3\" data-id=\"e92e7c3\" data-element_type=\"column\">\n\t\t\t<div class=\"elementor-widget-wrap elementor-element-populated\">\n\t\t\t\t\t\t<div class=\"elementor-element elementor-element-681d306 elementor-widget elementor-widget-image\" data-id=\"681d306\" data-element_type=\"widget\" data-widget_type=\"image.default\">\n\t\t\t\t<div class=\"elementor-widget-container\">\n\t\t\t\t\t\t\t\t\t\t\t\t\t\t\t<img fetchpriority=\"high\" decoding=\"async\" width=\"667\" height=\"1000\" src=\"https:\/\/hplegal.eu\/wp-content\/uploads\/2021\/04\/hajdu-laszlo-hplegal.jpg\" class=\"attachment-large size-large wp-image-1359\" alt=\"\" srcset=\"https:\/\/hplegal.eu\/wp-content\/uploads\/2021\/04\/hajdu-laszlo-hplegal.jpg 667w, https:\/\/hplegal.eu\/wp-content\/uploads\/2021\/04\/hajdu-laszlo-hplegal-200x300.jpg 200w\" sizes=\"(max-width: 667px) 100vw, 667px\" \/>\t\t\t\t\t\t\t\t\t\t\t\t\t\t\t<\/div>\n\t\t\t\t<\/div>\n\t\t\t\t\t<\/div>\n\t\t<\/div>\n\t\t\t\t<div class=\"elementor-column elementor-col-66 elementor-top-column elementor-element elementor-element-fe0c02f\" data-id=\"fe0c02f\" data-element_type=\"column\">\n\t\t\t<div class=\"elementor-widget-wrap elementor-element-populated\">\n\t\t\t\t\t\t<div class=\"elementor-element elementor-element-70eaba4 elementor-widget elementor-widget-text-editor\" data-id=\"70eaba4\" data-element_type=\"widget\" data-widget_type=\"text-editor.default\">\n\t\t\t\t<div class=\"elementor-widget-container\">\n\t\t\t\t\t\t\t\t\t<p>L\u00e1szl\u00f3 specialises in advising on complex finance transactions including syndicated, club and bilateral lending, as well as real estate and other project finance transactions. He also has extensive experience in M&amp;A transactions, due diligence exercises and general corporate and commercial law including joint ventures, shareholder agreements and syndicate agreements and sale and leasing of real estates. Finally, his experience extends to capital market transactions, in particular securities offerings, listing and delisting on stock exchanges and structured finance transactions (such as securitisation, CDOs, OTC derivatives).<\/p><p>L\u00e1szl\u00f3 obtained a degree in law in 1999 at the Faculty of Law at ELTE University, Budapest. In 2002 he was awarded with an LL.M. degree in international business law at Queen Mary and Westfield College, University of London. He also holds a postgraduate degree in economics from Budapest Corvinus University (2003).<\/p><p>L\u00e1szl\u00f3 started his legal career in 1997 at Clifford Chance. As of 2000 he worked at Linklaters which he left in 2008 and established HP Legal.<\/p>\t\t\t\t\t\t\t\t<\/div>\n\t\t\t\t<\/div>\n\t\t\t\t<section class=\"elementor-section elementor-inner-section elementor-element elementor-element-7a284f9 elementor-section-boxed elementor-section-height-default elementor-section-height-default\" data-id=\"7a284f9\" data-element_type=\"section\">\n\t\t\t\t\t\t<div class=\"elementor-container elementor-column-gap-default\">\n\t\t\t\t\t<div class=\"elementor-column elementor-col-50 elementor-inner-column elementor-element elementor-element-96511da\" data-id=\"96511da\" data-element_type=\"column\">\n\t\t\t<div class=\"elementor-widget-wrap elementor-element-populated\">\n\t\t\t\t\t\t<div class=\"elementor-element elementor-element-909866f elementor-blockquote--skin-quotation elementor-widget__width-initial elementor-widget elementor-widget-blockquote\" data-id=\"909866f\" data-element_type=\"widget\" data-widget_type=\"blockquote.default\">\n\t\t\t\t<div class=\"elementor-widget-container\">\n\t\t\t\t\t\t\t<blockquote class=\"elementor-blockquote\">\n\t\t\t<p class=\"elementor-blockquote__content\">\n\t\t\t\tL\u00e1szl\u00f3 Hajdu is one of the market leaders in finance law.\t\t\t<\/p>\n\t\t\t\t\t\t\t<div class=\"e-q-footer\">\n\t\t\t\t\t\t\t\t\t\t\t<cite class=\"elementor-blockquote__author\">Legal 500 EMEA 2024\u200b<\/cite>\n\t\t\t\t\t\t\t\t\t\t\t\t\t\t<\/div>\n\t\t\t\t\t<\/blockquote>\n\t\t\t\t\t\t<\/div>\n\t\t\t\t<\/div>\n\t\t\t\t\t<\/div>\n\t\t<\/div>\n\t\t\t\t<div class=\"elementor-column elementor-col-50 elementor-inner-column elementor-element elementor-element-51a13ea\" data-id=\"51a13ea\" data-element_type=\"column\">\n\t\t\t<div class=\"elementor-widget-wrap elementor-element-populated\">\n\t\t\t\t\t\t<div class=\"elementor-element elementor-element-897d6c9 elementor-widget elementor-widget-image\" data-id=\"897d6c9\" data-element_type=\"widget\" data-widget_type=\"image.default\">\n\t\t\t\t<div class=\"elementor-widget-container\">\n\t\t\t\t\t\t\t\t\t\t\t\t\t\t\t<img decoding=\"async\" src=\"https:\/\/hplegal.eu\/wp-content\/uploads\/elementor\/thumbs\/EMEA_Leading_firm_2024-272x300-1-r1qm6wzycq1juvhlut2y6udz6oxljctrfvfh7mgz4s.jpg\" title=\"EMEA_Leading_firm_2024-272&#215;300-1.jpg\" alt=\"EMEA_Leading_firm_2024-272x300-1.jpg\" loading=\"lazy\" \/>\t\t\t\t\t\t\t\t\t\t\t\t\t\t\t<\/div>\n\t\t\t\t<\/div>\n\t\t\t\t\t<\/div>\n\t\t<\/div>\n\t\t\t\t\t<\/div>\n\t\t<\/section>\n\t\t\t\t<section class=\"elementor-section elementor-inner-section elementor-element elementor-element-aa16f80 elementor-section-boxed elementor-section-height-default elementor-section-height-default\" data-id=\"aa16f80\" data-element_type=\"section\">\n\t\t\t\t\t\t<div class=\"elementor-container elementor-column-gap-default\">\n\t\t\t\t\t<div class=\"elementor-column elementor-col-50 elementor-inner-column elementor-element elementor-element-35da26f\" data-id=\"35da26f\" data-element_type=\"column\">\n\t\t\t<div class=\"elementor-widget-wrap elementor-element-populated\">\n\t\t\t\t\t\t<div class=\"elementor-element elementor-element-0fb38f2 elementor-blockquote--skin-quotation elementor-widget__width-initial elementor-widget elementor-widget-blockquote\" data-id=\"0fb38f2\" data-element_type=\"widget\" data-widget_type=\"blockquote.default\">\n\t\t\t\t<div class=\"elementor-widget-container\">\n\t\t\t\t\t\t\t<blockquote class=\"elementor-blockquote\">\n\t\t\t<p class=\"elementor-blockquote__content\">\n\t\t\t\tL\u00e1szl\u00f3 Hajdu is very experienced, has great in-depth knowledge and is up to date on fresh legal and commercial issues. He is a friendly, client-focused lawyer.\t\t\t<\/p>\n\t\t\t\t\t\t\t<div class=\"e-q-footer\">\n\t\t\t\t\t\t\t\t\t\t\t<cite class=\"elementor-blockquote__author\">Chambers and Partners 2025<\/cite>\n\t\t\t\t\t\t\t\t\t\t\t\t\t\t<\/div>\n\t\t\t\t\t<\/blockquote>\n\t\t\t\t\t\t<\/div>\n\t\t\t\t<\/div>\n\t\t\t\t\t<\/div>\n\t\t<\/div>\n\t\t\t\t<div class=\"elementor-column elementor-col-50 elementor-inner-column elementor-element elementor-element-9e5c854\" data-id=\"9e5c854\" data-element_type=\"column\">\n\t\t\t<div class=\"elementor-widget-wrap elementor-element-populated\">\n\t\t\t\t\t\t<div class=\"elementor-element elementor-element-419693a elementor-widget__width-inherit elementor-widget elementor-widget-image\" data-id=\"419693a\" data-element_type=\"widget\" data-widget_type=\"image.default\">\n\t\t\t\t<div class=\"elementor-widget-container\">\n\t\t\t\t\t\t\t\t\t\t\t\t\t\t\t<img decoding=\"async\" src=\"https:\/\/hplegal.eu\/wp-content\/uploads\/elementor\/thumbs\/Chambers_Global_2025-1-1-r1qm31vu98r44l3of4y5xthr9nz9w5hhkqvm6o78po.jpg\" title=\"Chambers_Global_2025-1.jpg\" alt=\"Chambers_Global_2025-1.jpg\" loading=\"lazy\" \/>\t\t\t\t\t\t\t\t\t\t\t\t\t\t\t<\/div>\n\t\t\t\t<\/div>\n\t\t\t\t\t<\/div>\n\t\t<\/div>\n\t\t\t\t\t<\/div>\n\t\t<\/section>\n\t\t\t\t<div class=\"elementor-element elementor-element-0466e79 elementor-icon-list--layout-traditional elementor-list-item-link-full_width elementor-widget elementor-widget-icon-list\" data-id=\"0466e79\" data-element_type=\"widget\" data-widget_type=\"icon-list.default\">\n\t\t\t\t<div class=\"elementor-widget-container\">\n\t\t\t\t\t\t\t<ul class=\"elementor-icon-list-items\">\n\t\t\t\t\t\t\t<li class=\"elementor-icon-list-item\">\n\t\t\t\t\t\t\t\t\t\t\t<a href=\"mailto:hajdu.laszlo@hplegal.eu\">\n\n\t\t\t\t\t\t\t\t\t\t\t\t<span class=\"elementor-icon-list-icon\">\n\t\t\t\t\t\t\t<i aria-hidden=\"true\" class=\"far fa-envelope-open\"><\/i>\t\t\t\t\t\t<\/span>\n\t\t\t\t\t\t\t\t\t\t<span class=\"elementor-icon-list-text\">hajdu.laszlo@hplegal.eu<\/span>\n\t\t\t\t\t\t\t\t\t\t\t<\/a>\n\t\t\t\t\t\t\t\t\t<\/li>\n\t\t\t\t\t\t\t\t<li class=\"elementor-icon-list-item\">\n\t\t\t\t\t\t\t\t\t\t\t<a href=\"tel:003617998230\">\n\n\t\t\t\t\t\t\t\t\t\t\t\t<span class=\"elementor-icon-list-icon\">\n\t\t\t\t\t\t\t<i aria-hidden=\"true\" class=\"fas fa-phone-alt\"><\/i>\t\t\t\t\t\t<\/span>\n\t\t\t\t\t\t\t\t\t\t<span class=\"elementor-icon-list-text\">+36 1 799 8230<\/span>\n\t\t\t\t\t\t\t\t\t\t\t<\/a>\n\t\t\t\t\t\t\t\t\t<\/li>\n\t\t\t\t\t\t<\/ul>\n\t\t\t\t\t\t<\/div>\n\t\t\t\t<\/div>\n\t\t\t\t<div class=\"elementor-element elementor-element-ef5db0c elementor-align-left elementor-widget elementor-widget-button\" data-id=\"ef5db0c\" data-element_type=\"widget\" data-widget_type=\"button.default\">\n\t\t\t\t<div class=\"elementor-widget-container\">\n\t\t\t\t\t\t\t\t\t<div class=\"elementor-button-wrapper\">\n\t\t\t\t\t<a class=\"elementor-button elementor-button-link elementor-size-md\" href=\"https:\/\/hplegal.eu\/en\/our-team\/\">\n\t\t\t\t\t\t<span class=\"elementor-button-content-wrapper\">\n\t\t\t\t\t\t<span class=\"elementor-button-icon\">\n\t\t\t\t<i aria-hidden=\"true\" class=\"fas fa-arrow-right\"><\/i>\t\t\t<\/span>\n\t\t\t\t\t\t\t\t\t<span class=\"elementor-button-text\">BACK TO THE TEAM<\/span>\n\t\t\t\t\t<\/span>\n\t\t\t\t\t<\/a>\n\t\t\t\t<\/div>\n\t\t\t\t\t\t\t\t<\/div>\n\t\t\t\t<\/div>\n\t\t\t\t\t<\/div>\n\t\t<\/div>\n\t\t\t\t\t<\/div>\n\t\t<\/section>\n\t\t\t\t<\/div>\n\t\t","protected":false},"excerpt":{"rendered":"<p>L\u00e1szl\u00f3 Hajdu &#8211; Partner L\u00e1szl\u00f3 specialises in advising on complex finance transactions including syndicated, club and bilateral lending, as well as real estate and other project finance transactions. He also has extensive experience in M&amp;A transactions, due diligence exercises and general corporate and commercial law including joint ventures, shareholder agreements and syndicate agreements and sale &#8230; <a title=\"L\u00e1szl\u00f3 Hajdu\" class=\"read-more\" href=\"https:\/\/hplegal.eu\/en\/laszlo-hajdu\/\" aria-label=\"Read more about L\u00e1szl\u00f3 Hajdu\">Read more<\/a><\/p>\n","protected":false},"author":1,"featured_media":0,"parent":0,"menu_order":0,"comment_status":"closed","ping_status":"closed","template":"elementor_header_footer","meta":{"footnotes":""},"class_list":["post-498","page","type-page","status-publish"],"yoast_head":"<!-- This site is optimized with the Yoast SEO Premium plugin v25.6 (Yoast SEO v26.1.1) - https:\/\/yoast.com\/wordpress\/plugins\/seo\/ -->\n<title>L\u00e1szl\u00f3 Hajdu - HP Legal<\/title>\n<meta name=\"robots\" content=\"index, follow, max-snippet:-1, max-image-preview:large, max-video-preview:-1\" \/>\n<link rel=\"canonical\" href=\"https:\/\/hplegal.eu\/en\/laszlo-hajdu\/\" \/>\n<meta property=\"og:locale\" content=\"en_US\" \/>\n<meta property=\"og:type\" content=\"article\" \/>\n<meta property=\"og:title\" content=\"L\u00e1szl\u00f3 Hajdu\" \/>\n<meta property=\"og:description\" content=\"L\u00e1szl\u00f3 Hajdu &#8211; Partner L\u00e1szl\u00f3 specialises in advising on complex finance transactions including syndicated, club and bilateral lending, as well as real estate and other project finance transactions. He also has extensive experience in M&amp;A transactions, due diligence exercises and general corporate and commercial law including joint ventures, shareholder agreements and syndicate agreements and sale ... Read more\" \/>\n<meta property=\"og:url\" content=\"https:\/\/hplegal.eu\/en\/laszlo-hajdu\/\" \/>\n<meta property=\"og:site_name\" content=\"HP Legal\" \/>\n<meta property=\"article:modified_time\" content=\"2025-04-24T10:04:08+00:00\" \/>\n<meta property=\"og:image\" content=\"https:\/\/hplegal.eu\/wp-content\/uploads\/2021\/04\/hajdu-laszlo-hplegal.jpg\" \/>\n\t<meta property=\"og:image:width\" content=\"667\" \/>\n\t<meta property=\"og:image:height\" content=\"1000\" \/>\n\t<meta property=\"og:image:type\" content=\"image\/jpeg\" \/>\n<meta name=\"twitter:card\" content=\"summary_large_image\" \/>\n<meta name=\"twitter:label1\" content=\"Est. reading time\" \/>\n\t<meta name=\"twitter:data1\" content=\"2 minutes\" \/>\n<script type=\"application\/ld+json\" class=\"yoast-schema-graph\">{\"@context\":\"https:\/\/schema.org\",\"@graph\":[{\"@type\":\"WebPage\",\"@id\":\"https:\/\/hplegal.eu\/en\/laszlo-hajdu\/\",\"url\":\"https:\/\/hplegal.eu\/en\/laszlo-hajdu\/\",\"name\":\"L\u00e1szl\u00f3 Hajdu - HP Legal\",\"isPartOf\":{\"@id\":\"https:\/\/hplegal.eu\/#website\"},\"primaryImageOfPage\":{\"@id\":\"https:\/\/hplegal.eu\/en\/laszlo-hajdu\/#primaryimage\"},\"image\":{\"@id\":\"https:\/\/hplegal.eu\/en\/laszlo-hajdu\/#primaryimage\"},\"thumbnailUrl\":\"https:\/\/hplegal.eu\/wp-content\/uploads\/2021\/04\/hajdu-laszlo-hplegal.jpg\",\"datePublished\":\"2021-02-12T08:10:57+00:00\",\"dateModified\":\"2025-04-24T10:04:08+00:00\",\"breadcrumb\":{\"@id\":\"https:\/\/hplegal.eu\/en\/laszlo-hajdu\/#breadcrumb\"},\"inLanguage\":\"en-US\",\"potentialAction\":[{\"@type\":\"ReadAction\",\"target\":[\"https:\/\/hplegal.eu\/en\/laszlo-hajdu\/\"]}]},{\"@type\":\"ImageObject\",\"inLanguage\":\"en-US\",\"@id\":\"https:\/\/hplegal.eu\/en\/laszlo-hajdu\/#primaryimage\",\"url\":\"https:\/\/hplegal.eu\/wp-content\/uploads\/2021\/04\/hajdu-laszlo-hplegal.jpg\",\"contentUrl\":\"https:\/\/hplegal.eu\/wp-content\/uploads\/2021\/04\/hajdu-laszlo-hplegal.jpg\"},{\"@type\":\"BreadcrumbList\",\"@id\":\"https:\/\/hplegal.eu\/en\/laszlo-hajdu\/#breadcrumb\",\"itemListElement\":[{\"@type\":\"ListItem\",\"position\":1,\"name\":\"Home\",\"item\":\"https:\/\/hplegal.eu\/en\/\"},{\"@type\":\"ListItem\",\"position\":2,\"name\":\"L\u00e1szl\u00f3 Hajdu\"}]},{\"@type\":\"WebSite\",\"@id\":\"https:\/\/hplegal.eu\/#website\",\"url\":\"https:\/\/hplegal.eu\/\",\"name\":\"HP Legal\",\"description\":\"A Hungarian Independent Business Law Advisory Powerhouse\",\"publisher\":{\"@id\":\"https:\/\/hplegal.eu\/#organization\"},\"potentialAction\":[{\"@type\":\"SearchAction\",\"target\":{\"@type\":\"EntryPoint\",\"urlTemplate\":\"https:\/\/hplegal.eu\/?s={search_term_string}\"},\"query-input\":{\"@type\":\"PropertyValueSpecification\",\"valueRequired\":true,\"valueName\":\"search_term_string\"}}],\"inLanguage\":\"en-US\"},{\"@type\":\"Organization\",\"@id\":\"https:\/\/hplegal.eu\/#organization\",\"name\":\"HP Legal\",\"url\":\"https:\/\/hplegal.eu\/\",\"logo\":{\"@type\":\"ImageObject\",\"inLanguage\":\"en-US\",\"@id\":\"https:\/\/hplegal.eu\/#\/schema\/logo\/image\/\",\"url\":\"https:\/\/hplegal.eu\/wp-content\/uploads\/2021\/02\/hplegal_logo_final_singel_211_128-1.png\",\"contentUrl\":\"https:\/\/hplegal.eu\/wp-content\/uploads\/2021\/02\/hplegal_logo_final_singel_211_128-1.png\",\"width\":211,\"height\":128,\"caption\":\"HP Legal\"},\"image\":{\"@id\":\"https:\/\/hplegal.eu\/#\/schema\/logo\/image\/\"}}]}<\/script>\n<!-- \/ Yoast SEO Premium plugin. -->","yoast_head_json":{"title":"L\u00e1szl\u00f3 Hajdu - HP Legal","robots":{"index":"index","follow":"follow","max-snippet":"max-snippet:-1","max-image-preview":"max-image-preview:large","max-video-preview":"max-video-preview:-1"},"canonical":"https:\/\/hplegal.eu\/en\/laszlo-hajdu\/","og_locale":"en_US","og_type":"article","og_title":"L\u00e1szl\u00f3 Hajdu","og_description":"L\u00e1szl\u00f3 Hajdu &#8211; Partner L\u00e1szl\u00f3 specialises in advising on complex finance transactions including syndicated, club and bilateral lending, as well as real estate and other project finance transactions. He also has extensive experience in M&amp;A transactions, due diligence exercises and general corporate and commercial law including joint ventures, shareholder agreements and syndicate agreements and sale ... Read more","og_url":"https:\/\/hplegal.eu\/en\/laszlo-hajdu\/","og_site_name":"HP Legal","article_modified_time":"2025-04-24T10:04:08+00:00","og_image":[{"width":667,"height":1000,"url":"https:\/\/hplegal.eu\/wp-content\/uploads\/2021\/04\/hajdu-laszlo-hplegal.jpg","type":"image\/jpeg"}],"twitter_card":"summary_large_image","twitter_misc":{"Est. reading time":"2 minutes"},"schema":{"@context":"https:\/\/schema.org","@graph":[{"@type":"WebPage","@id":"https:\/\/hplegal.eu\/en\/laszlo-hajdu\/","url":"https:\/\/hplegal.eu\/en\/laszlo-hajdu\/","name":"L\u00e1szl\u00f3 Hajdu - HP Legal","isPartOf":{"@id":"https:\/\/hplegal.eu\/#website"},"primaryImageOfPage":{"@id":"https:\/\/hplegal.eu\/en\/laszlo-hajdu\/#primaryimage"},"image":{"@id":"https:\/\/hplegal.eu\/en\/laszlo-hajdu\/#primaryimage"},"thumbnailUrl":"https:\/\/hplegal.eu\/wp-content\/uploads\/2021\/04\/hajdu-laszlo-hplegal.jpg","datePublished":"2021-02-12T08:10:57+00:00","dateModified":"2025-04-24T10:04:08+00:00","breadcrumb":{"@id":"https:\/\/hplegal.eu\/en\/laszlo-hajdu\/#breadcrumb"},"inLanguage":"en-US","potentialAction":[{"@type":"ReadAction","target":["https:\/\/hplegal.eu\/en\/laszlo-hajdu\/"]}]},{"@type":"ImageObject","inLanguage":"en-US","@id":"https:\/\/hplegal.eu\/en\/laszlo-hajdu\/#primaryimage","url":"https:\/\/hplegal.eu\/wp-content\/uploads\/2021\/04\/hajdu-laszlo-hplegal.jpg","contentUrl":"https:\/\/hplegal.eu\/wp-content\/uploads\/2021\/04\/hajdu-laszlo-hplegal.jpg"},{"@type":"BreadcrumbList","@id":"https:\/\/hplegal.eu\/en\/laszlo-hajdu\/#breadcrumb","itemListElement":[{"@type":"ListItem","position":1,"name":"Home","item":"https:\/\/hplegal.eu\/en\/"},{"@type":"ListItem","position":2,"name":"L\u00e1szl\u00f3 Hajdu"}]},{"@type":"WebSite","@id":"https:\/\/hplegal.eu\/#website","url":"https:\/\/hplegal.eu\/","name":"HP Legal","description":"A Hungarian Independent Business Law Advisory Powerhouse","publisher":{"@id":"https:\/\/hplegal.eu\/#organization"},"potentialAction":[{"@type":"SearchAction","target":{"@type":"EntryPoint","urlTemplate":"https:\/\/hplegal.eu\/?s={search_term_string}"},"query-input":{"@type":"PropertyValueSpecification","valueRequired":true,"valueName":"search_term_string"}}],"inLanguage":"en-US"},{"@type":"Organization","@id":"https:\/\/hplegal.eu\/#organization","name":"HP Legal","url":"https:\/\/hplegal.eu\/","logo":{"@type":"ImageObject","inLanguage":"en-US","@id":"https:\/\/hplegal.eu\/#\/schema\/logo\/image\/","url":"https:\/\/hplegal.eu\/wp-content\/uploads\/2021\/02\/hplegal_logo_final_singel_211_128-1.png","contentUrl":"https:\/\/hplegal.eu\/wp-content\/uploads\/2021\/02\/hplegal_logo_final_singel_211_128-1.png","width":211,"height":128,"caption":"HP Legal"},"image":{"@id":"https:\/\/hplegal.eu\/#\/schema\/logo\/image\/"}}]}},"_links":{"self":[{"href":"https:\/\/hplegal.eu\/en\/wp-json\/wp\/v2\/pages\/498","targetHints":{"allow":["GET"]}}],"collection":[{"href":"https:\/\/hplegal.eu\/en\/wp-json\/wp\/v2\/pages"}],"about":[{"href":"https:\/\/hplegal.eu\/en\/wp-json\/wp\/v2\/types\/page"}],"author":[{"embeddable":true,"href":"https:\/\/hplegal.eu\/en\/wp-json\/wp\/v2\/users\/1"}],"replies":[{"embeddable":true,"href":"https:\/\/hplegal.eu\/en\/wp-json\/wp\/v2\/comments?post=498"}],"version-history":[{"count":55,"href":"https:\/\/hplegal.eu\/en\/wp-json\/wp\/v2\/pages\/498\/revisions"}],"predecessor-version":[{"id":3154,"href":"https:\/\/hplegal.eu\/en\/wp-json\/wp\/v2\/pages\/498\/revisions\/3154"}],"wp:attachment":[{"href":"https:\/\/hplegal.eu\/en\/wp-json\/wp\/v2\/media?parent=498"}],"curies":[{"name":"wp","href":"https:\/\/api.w.org\/{rel}","templated":true}]}}