{"id":560,"date":"2021-02-12T08:36:54","date_gmt":"2021-02-12T08:36:54","guid":{"rendered":"https:\/\/hplegal.eu\/?page_id=560"},"modified":"2025-02-19T14:14:49","modified_gmt":"2025-02-19T14:14:49","slug":"reka-versics","status":"publish","type":"page","link":"https:\/\/hplegal.eu\/en\/reka-versics\/","title":{"rendered":"R\u00e9ka Versics"},"content":{"rendered":"\t\t<div data-elementor-type=\"wp-page\" data-elementor-id=\"560\" class=\"elementor elementor-560 elementor-33\" data-elementor-post-type=\"page\">\n\t\t\t\t\t\t<section class=\"elementor-section elementor-top-section elementor-element elementor-element-1174065 elementor-section-boxed elementor-section-height-default elementor-section-height-default\" data-id=\"1174065\" data-element_type=\"section\" data-settings=\"{&quot;background_background&quot;:&quot;classic&quot;}\">\n\t\t\t\t\t\t<div class=\"elementor-container elementor-column-gap-default\">\n\t\t\t\t\t<div class=\"elementor-column elementor-col-100 elementor-top-column elementor-element elementor-element-f07d841\" data-id=\"f07d841\" data-element_type=\"column\">\n\t\t\t<div class=\"elementor-widget-wrap elementor-element-populated\">\n\t\t\t\t\t\t<div class=\"elementor-element elementor-element-6f165d1 elementor-widget elementor-widget-heading\" data-id=\"6f165d1\" data-element_type=\"widget\" data-widget_type=\"heading.default\">\n\t\t\t\t<div class=\"elementor-widget-container\">\n\t\t\t\t\t<h2 class=\"elementor-heading-title elementor-size-default\">R\u00e9ka Versics - Partner<\/h2>\t\t\t\t<\/div>\n\t\t\t\t<\/div>\n\t\t\t\t\t<\/div>\n\t\t<\/div>\n\t\t\t\t\t<\/div>\n\t\t<\/section>\n\t\t\t\t<section class=\"elementor-section elementor-top-section elementor-element elementor-element-be1765c elementor-section-boxed elementor-section-height-default elementor-section-height-default\" data-id=\"be1765c\" data-element_type=\"section\">\n\t\t\t\t\t\t<div class=\"elementor-container elementor-column-gap-wider\">\n\t\t\t\t\t<div class=\"elementor-column elementor-col-33 elementor-top-column elementor-element elementor-element-4e302d8\" data-id=\"4e302d8\" data-element_type=\"column\">\n\t\t\t<div class=\"elementor-widget-wrap elementor-element-populated\">\n\t\t\t\t\t\t<div class=\"elementor-element elementor-element-5d48fd5 elementor-widget elementor-widget-image\" data-id=\"5d48fd5\" data-element_type=\"widget\" data-widget_type=\"image.default\">\n\t\t\t\t<div class=\"elementor-widget-container\">\n\t\t\t\t\t\t\t\t\t\t\t\t\t\t\t<img fetchpriority=\"high\" decoding=\"async\" width=\"667\" height=\"1000\" src=\"https:\/\/hplegal.eu\/wp-content\/uploads\/2021\/04\/versics-reka-hplegal.jpg\" class=\"attachment-large size-large wp-image-1369\" alt=\"\" srcset=\"https:\/\/hplegal.eu\/wp-content\/uploads\/2021\/04\/versics-reka-hplegal.jpg 667w, https:\/\/hplegal.eu\/wp-content\/uploads\/2021\/04\/versics-reka-hplegal-200x300.jpg 200w\" sizes=\"(max-width: 667px) 100vw, 667px\" \/>\t\t\t\t\t\t\t\t\t\t\t\t\t\t\t<\/div>\n\t\t\t\t<\/div>\n\t\t\t\t\t<\/div>\n\t\t<\/div>\n\t\t\t\t<div class=\"elementor-column elementor-col-66 elementor-top-column elementor-element elementor-element-dbe6c99\" data-id=\"dbe6c99\" data-element_type=\"column\">\n\t\t\t<div class=\"elementor-widget-wrap elementor-element-populated\">\n\t\t\t\t\t\t<div class=\"elementor-element elementor-element-727699e elementor-widget elementor-widget-text-editor\" data-id=\"727699e\" data-element_type=\"widget\" data-widget_type=\"text-editor.default\">\n\t\t\t\t<div class=\"elementor-widget-container\">\n\t\t\t\t\t\t\t\t\t<p>R\u00e9ka has wide experience in finance transactions including syndicated lending, project finance and trade finance. She is an expert of M&amp;A transactions, Hungarian company law focusing on the formation and establishment of all types of companies, joint ventures and shareholder agreements. In addition, her experience extends to due diligence exercises as well as sale and leasing of real estates and competition matters.<\/p><p>R\u00e9ka obtained a degree in law in 2011 at the Faculty of Law at P\u00e1zm\u00e1ny P\u00e9ter Catholic University, Budapest. In 2007 she participated in The Summer Law Program of University of San Francisco School of Law. Between 2008 and 2010 she completed the three year program of American Legal Studies of Center for American Law (joint program of KUL and Chicago Kent College of Law). She is a member of the Competition Law Research Centre since 2010.<\/p><p>She joined the team of HP Legal in December 2015. Before joining HP Legal she worked for various international and Hungarian law firms and insurance institutions. She is a partner of HP Legal since January 2020.<\/p>\t\t\t\t\t\t\t\t<\/div>\n\t\t\t\t<\/div>\n\t\t\t\t<section class=\"elementor-section elementor-inner-section elementor-element elementor-element-43961b9 elementor-section-boxed elementor-section-height-default elementor-section-height-default\" data-id=\"43961b9\" data-element_type=\"section\">\n\t\t\t\t\t\t<div class=\"elementor-container elementor-column-gap-default\">\n\t\t\t\t\t<div class=\"elementor-column elementor-col-50 elementor-inner-column elementor-element elementor-element-e5d246e\" data-id=\"e5d246e\" data-element_type=\"column\">\n\t\t\t<div class=\"elementor-widget-wrap elementor-element-populated\">\n\t\t\t\t\t\t<div class=\"elementor-element elementor-element-1a0961b elementor-blockquote--skin-quotation elementor-widget__width-initial elementor-widget elementor-widget-blockquote\" data-id=\"1a0961b\" data-element_type=\"widget\" data-widget_type=\"blockquote.default\">\n\t\t\t\t<div class=\"elementor-widget-container\">\n\t\t\t\t\t\t\t<blockquote class=\"elementor-blockquote\">\n\t\t\t<p class=\"elementor-blockquote__content\">\n\t\t\t\tA very responsive, knowledgeable lawyer with great experience in project finance.\t\t\t<\/p>\n\t\t\t\t\t\t\t<div class=\"e-q-footer\">\n\t\t\t\t\t\t\t\t\t\t\t<cite class=\"elementor-blockquote__author\">Legal 500 EMEA 2024\u200b<\/cite>\n\t\t\t\t\t\t\t\t\t\t\t\t\t\t<\/div>\n\t\t\t\t\t<\/blockquote>\n\t\t\t\t\t\t<\/div>\n\t\t\t\t<\/div>\n\t\t\t\t\t<\/div>\n\t\t<\/div>\n\t\t\t\t<div class=\"elementor-column elementor-col-50 elementor-inner-column elementor-element elementor-element-e964676\" data-id=\"e964676\" data-element_type=\"column\">\n\t\t\t<div class=\"elementor-widget-wrap elementor-element-populated\">\n\t\t\t\t\t\t<div class=\"elementor-element elementor-element-6be6d4e elementor-widget elementor-widget-image\" data-id=\"6be6d4e\" data-element_type=\"widget\" data-widget_type=\"image.default\">\n\t\t\t\t<div class=\"elementor-widget-container\">\n\t\t\t\t\t\t\t\t\t\t\t\t\t\t\t<img decoding=\"async\" src=\"https:\/\/hplegal.eu\/wp-content\/uploads\/elementor\/thumbs\/EMEA_Next_generation_partner_2024-272x300-1-qnuuvuiowz9ugl3dfibmbf47981zfy24qitblujly4.jpg\" title=\"EMEA_Next_generation_partner_2024-272&#215;300\" alt=\"EMEA_Next_generation_partner_2024-272x300\" loading=\"lazy\" \/>\t\t\t\t\t\t\t\t\t\t\t\t\t\t\t<\/div>\n\t\t\t\t<\/div>\n\t\t\t\t\t<\/div>\n\t\t<\/div>\n\t\t\t\t\t<\/div>\n\t\t<\/section>\n\t\t\t\t<section class=\"elementor-section elementor-inner-section elementor-element elementor-element-5d9f7a7 elementor-section-boxed elementor-section-height-default elementor-section-height-default\" data-id=\"5d9f7a7\" data-element_type=\"section\">\n\t\t\t\t\t\t<div class=\"elementor-container elementor-column-gap-default\">\n\t\t\t\t\t<div class=\"elementor-column elementor-col-50 elementor-inner-column elementor-element elementor-element-4f6d5dd\" data-id=\"4f6d5dd\" data-element_type=\"column\">\n\t\t\t<div class=\"elementor-widget-wrap elementor-element-populated\">\n\t\t\t\t\t\t<div class=\"elementor-element elementor-element-1b38b2f elementor-blockquote--skin-quotation elementor-widget__width-initial elementor-widget elementor-widget-blockquote\" data-id=\"1b38b2f\" data-element_type=\"widget\" data-widget_type=\"blockquote.default\">\n\t\t\t\t<div class=\"elementor-widget-container\">\n\t\t\t\t\t\t\t<blockquote class=\"elementor-blockquote\">\n\t\t\t<p class=\"elementor-blockquote__content\">\n\t\t\t\tR\u00e9ka has built a strong reputation and is recognised as \u201cvery sharp and hard-working\u201d and is a \u201cfast-thinking\u201d lawyer who has \u201cexcellent communication skills\u201d. \t\t\t<\/p>\n\t\t\t\t\t\t\t<div class=\"e-q-footer\">\n\t\t\t\t\t\t\t\t\t\t\t<cite class=\"elementor-blockquote__author\">Chambers and Partners 2025<\/cite>\n\t\t\t\t\t\t\t\t\t\t\t\t\t\t<\/div>\n\t\t\t\t\t<\/blockquote>\n\t\t\t\t\t\t<\/div>\n\t\t\t\t<\/div>\n\t\t\t\t\t<\/div>\n\t\t<\/div>\n\t\t\t\t<div class=\"elementor-column elementor-col-50 elementor-inner-column elementor-element elementor-element-3771d4c\" data-id=\"3771d4c\" data-element_type=\"column\">\n\t\t\t<div class=\"elementor-widget-wrap elementor-element-populated\">\n\t\t\t\t\t\t<div class=\"elementor-element elementor-element-f4c6fdb elementor-widget__width-inherit elementor-widget elementor-widget-image\" data-id=\"f4c6fdb\" data-element_type=\"widget\" data-widget_type=\"image.default\">\n\t\t\t\t<div class=\"elementor-widget-container\">\n\t\t\t\t\t\t\t\t\t\t\t\t\t\t\t<img decoding=\"async\" src=\"https:\/\/hplegal.eu\/wp-content\/uploads\/elementor\/thumbs\/Chambers_Global_2025-r1qljb9uqhqcbdrvols7ksta6d9s8z4ev1ojdhgvdo.jpg\" title=\"Chambers_Global_2025\" alt=\"Chambers_Global_2025\" loading=\"lazy\" \/>\t\t\t\t\t\t\t\t\t\t\t\t\t\t\t<\/div>\n\t\t\t\t<\/div>\n\t\t\t\t\t<\/div>\n\t\t<\/div>\n\t\t\t\t\t<\/div>\n\t\t<\/section>\n\t\t\t\t<div class=\"elementor-element elementor-element-b228023 elementor-icon-list--layout-traditional elementor-list-item-link-full_width elementor-widget elementor-widget-icon-list\" data-id=\"b228023\" data-element_type=\"widget\" data-widget_type=\"icon-list.default\">\n\t\t\t\t<div class=\"elementor-widget-container\">\n\t\t\t\t\t\t\t<ul class=\"elementor-icon-list-items\">\n\t\t\t\t\t\t\t<li class=\"elementor-icon-list-item\">\n\t\t\t\t\t\t\t\t\t\t\t<a href=\"mailto:versics.reka@hplegal.eu\">\n\n\t\t\t\t\t\t\t\t\t\t\t\t<span class=\"elementor-icon-list-icon\">\n\t\t\t\t\t\t\t<i aria-hidden=\"true\" class=\"far fa-envelope-open\"><\/i>\t\t\t\t\t\t<\/span>\n\t\t\t\t\t\t\t\t\t\t<span class=\"elementor-icon-list-text\">versics.reka@hplegal.eu<\/span>\n\t\t\t\t\t\t\t\t\t\t\t<\/a>\n\t\t\t\t\t\t\t\t\t<\/li>\n\t\t\t\t\t\t\t\t<li class=\"elementor-icon-list-item\">\n\t\t\t\t\t\t\t\t\t\t\t<a href=\"tel:003617998230\">\n\n\t\t\t\t\t\t\t\t\t\t\t\t<span class=\"elementor-icon-list-icon\">\n\t\t\t\t\t\t\t<i aria-hidden=\"true\" class=\"fas fa-phone-alt\"><\/i>\t\t\t\t\t\t<\/span>\n\t\t\t\t\t\t\t\t\t\t<span class=\"elementor-icon-list-text\">+36 1 799 8230<\/span>\n\t\t\t\t\t\t\t\t\t\t\t<\/a>\n\t\t\t\t\t\t\t\t\t<\/li>\n\t\t\t\t\t\t<\/ul>\n\t\t\t\t\t\t<\/div>\n\t\t\t\t<\/div>\n\t\t\t\t<div class=\"elementor-element elementor-element-a8ed123 elementor-align-left elementor-widget elementor-widget-button\" data-id=\"a8ed123\" data-element_type=\"widget\" data-widget_type=\"button.default\">\n\t\t\t\t<div class=\"elementor-widget-container\">\n\t\t\t\t\t\t\t\t\t<div class=\"elementor-button-wrapper\">\n\t\t\t\t\t<a class=\"elementor-button elementor-button-link elementor-size-md\" href=\"https:\/\/hplegal.eu\/en\/our-team\/\">\n\t\t\t\t\t\t<span class=\"elementor-button-content-wrapper\">\n\t\t\t\t\t\t<span class=\"elementor-button-icon\">\n\t\t\t\t<i aria-hidden=\"true\" class=\"fas fa-arrow-right\"><\/i>\t\t\t<\/span>\n\t\t\t\t\t\t\t\t\t<span class=\"elementor-button-text\">BACK TO THE TEAM<\/span>\n\t\t\t\t\t<\/span>\n\t\t\t\t\t<\/a>\n\t\t\t\t<\/div>\n\t\t\t\t\t\t\t\t<\/div>\n\t\t\t\t<\/div>\n\t\t\t\t\t<\/div>\n\t\t<\/div>\n\t\t\t\t\t<\/div>\n\t\t<\/section>\n\t\t\t\t<\/div>\n\t\t","protected":false},"excerpt":{"rendered":"<p>R\u00e9ka Versics &#8211; Partner R\u00e9ka has wide experience in finance transactions including syndicated lending, project finance and trade finance. She is an expert of M&amp;A transactions, Hungarian company law focusing on the formation and establishment of all types of companies, joint ventures and shareholder agreements. In addition, her experience extends to due diligence exercises as &#8230; <a title=\"R\u00e9ka Versics\" class=\"read-more\" href=\"https:\/\/hplegal.eu\/en\/reka-versics\/\" aria-label=\"Read more about R\u00e9ka Versics\">Read more<\/a><\/p>\n","protected":false},"author":1,"featured_media":0,"parent":0,"menu_order":0,"comment_status":"closed","ping_status":"closed","template":"elementor_header_footer","meta":{"footnotes":""},"class_list":["post-560","page","type-page","status-publish"],"yoast_head":"<!-- This site is optimized with the Yoast SEO Premium plugin v25.6 (Yoast SEO v26.1.1) - https:\/\/yoast.com\/wordpress\/plugins\/seo\/ -->\n<title>R\u00e9ka Versics - HP Legal<\/title>\n<meta name=\"robots\" content=\"index, follow, max-snippet:-1, max-image-preview:large, max-video-preview:-1\" \/>\n<link rel=\"canonical\" href=\"https:\/\/hplegal.eu\/en\/reka-versics\/\" \/>\n<meta property=\"og:locale\" content=\"en_US\" \/>\n<meta property=\"og:type\" content=\"article\" \/>\n<meta property=\"og:title\" content=\"R\u00e9ka Versics\" \/>\n<meta property=\"og:description\" content=\"R\u00e9ka Versics &#8211; Partner R\u00e9ka has wide experience in finance transactions including syndicated lending, project finance and trade finance. She is an expert of M&amp;A transactions, Hungarian company law focusing on the formation and establishment of all types of companies, joint ventures and shareholder agreements. In addition, her experience extends to due diligence exercises as ... Read more\" \/>\n<meta property=\"og:url\" content=\"https:\/\/hplegal.eu\/en\/reka-versics\/\" \/>\n<meta property=\"og:site_name\" content=\"HP Legal\" \/>\n<meta property=\"article:modified_time\" content=\"2025-02-19T14:14:49+00:00\" \/>\n<meta property=\"og:image\" content=\"https:\/\/hplegal.eu\/wp-content\/uploads\/2021\/04\/versics-reka-hplegal.jpg\" \/>\n\t<meta property=\"og:image:width\" content=\"667\" \/>\n\t<meta property=\"og:image:height\" content=\"1000\" \/>\n\t<meta property=\"og:image:type\" content=\"image\/jpeg\" \/>\n<meta name=\"twitter:card\" content=\"summary_large_image\" \/>\n<meta name=\"twitter:label1\" content=\"Est. reading time\" \/>\n\t<meta name=\"twitter:data1\" content=\"2 minutes\" \/>\n<script type=\"application\/ld+json\" class=\"yoast-schema-graph\">{\"@context\":\"https:\/\/schema.org\",\"@graph\":[{\"@type\":\"WebPage\",\"@id\":\"https:\/\/hplegal.eu\/en\/reka-versics\/\",\"url\":\"https:\/\/hplegal.eu\/en\/reka-versics\/\",\"name\":\"R\u00e9ka Versics - HP Legal\",\"isPartOf\":{\"@id\":\"https:\/\/hplegal.eu\/#website\"},\"primaryImageOfPage\":{\"@id\":\"https:\/\/hplegal.eu\/en\/reka-versics\/#primaryimage\"},\"image\":{\"@id\":\"https:\/\/hplegal.eu\/en\/reka-versics\/#primaryimage\"},\"thumbnailUrl\":\"https:\/\/hplegal.eu\/wp-content\/uploads\/2021\/04\/versics-reka-hplegal.jpg\",\"datePublished\":\"2021-02-12T08:36:54+00:00\",\"dateModified\":\"2025-02-19T14:14:49+00:00\",\"breadcrumb\":{\"@id\":\"https:\/\/hplegal.eu\/en\/reka-versics\/#breadcrumb\"},\"inLanguage\":\"en-US\",\"potentialAction\":[{\"@type\":\"ReadAction\",\"target\":[\"https:\/\/hplegal.eu\/en\/reka-versics\/\"]}]},{\"@type\":\"ImageObject\",\"inLanguage\":\"en-US\",\"@id\":\"https:\/\/hplegal.eu\/en\/reka-versics\/#primaryimage\",\"url\":\"https:\/\/hplegal.eu\/wp-content\/uploads\/2021\/04\/versics-reka-hplegal.jpg\",\"contentUrl\":\"https:\/\/hplegal.eu\/wp-content\/uploads\/2021\/04\/versics-reka-hplegal.jpg\"},{\"@type\":\"BreadcrumbList\",\"@id\":\"https:\/\/hplegal.eu\/en\/reka-versics\/#breadcrumb\",\"itemListElement\":[{\"@type\":\"ListItem\",\"position\":1,\"name\":\"Home\",\"item\":\"https:\/\/hplegal.eu\/en\/\"},{\"@type\":\"ListItem\",\"position\":2,\"name\":\"R\u00e9ka Versics\"}]},{\"@type\":\"WebSite\",\"@id\":\"https:\/\/hplegal.eu\/#website\",\"url\":\"https:\/\/hplegal.eu\/\",\"name\":\"HP Legal\",\"description\":\"A Hungarian Independent Business Law Advisory Powerhouse\",\"publisher\":{\"@id\":\"https:\/\/hplegal.eu\/#organization\"},\"potentialAction\":[{\"@type\":\"SearchAction\",\"target\":{\"@type\":\"EntryPoint\",\"urlTemplate\":\"https:\/\/hplegal.eu\/?s={search_term_string}\"},\"query-input\":{\"@type\":\"PropertyValueSpecification\",\"valueRequired\":true,\"valueName\":\"search_term_string\"}}],\"inLanguage\":\"en-US\"},{\"@type\":\"Organization\",\"@id\":\"https:\/\/hplegal.eu\/#organization\",\"name\":\"HP Legal\",\"url\":\"https:\/\/hplegal.eu\/\",\"logo\":{\"@type\":\"ImageObject\",\"inLanguage\":\"en-US\",\"@id\":\"https:\/\/hplegal.eu\/#\/schema\/logo\/image\/\",\"url\":\"https:\/\/hplegal.eu\/wp-content\/uploads\/2021\/02\/hplegal_logo_final_singel_211_128-1.png\",\"contentUrl\":\"https:\/\/hplegal.eu\/wp-content\/uploads\/2021\/02\/hplegal_logo_final_singel_211_128-1.png\",\"width\":211,\"height\":128,\"caption\":\"HP Legal\"},\"image\":{\"@id\":\"https:\/\/hplegal.eu\/#\/schema\/logo\/image\/\"}}]}<\/script>\n<!-- \/ Yoast SEO Premium plugin. -->","yoast_head_json":{"title":"R\u00e9ka Versics - HP Legal","robots":{"index":"index","follow":"follow","max-snippet":"max-snippet:-1","max-image-preview":"max-image-preview:large","max-video-preview":"max-video-preview:-1"},"canonical":"https:\/\/hplegal.eu\/en\/reka-versics\/","og_locale":"en_US","og_type":"article","og_title":"R\u00e9ka Versics","og_description":"R\u00e9ka Versics &#8211; Partner R\u00e9ka has wide experience in finance transactions including syndicated lending, project finance and trade finance. She is an expert of M&amp;A transactions, Hungarian company law focusing on the formation and establishment of all types of companies, joint ventures and shareholder agreements. In addition, her experience extends to due diligence exercises as ... Read more","og_url":"https:\/\/hplegal.eu\/en\/reka-versics\/","og_site_name":"HP Legal","article_modified_time":"2025-02-19T14:14:49+00:00","og_image":[{"width":667,"height":1000,"url":"https:\/\/hplegal.eu\/wp-content\/uploads\/2021\/04\/versics-reka-hplegal.jpg","type":"image\/jpeg"}],"twitter_card":"summary_large_image","twitter_misc":{"Est. reading time":"2 minutes"},"schema":{"@context":"https:\/\/schema.org","@graph":[{"@type":"WebPage","@id":"https:\/\/hplegal.eu\/en\/reka-versics\/","url":"https:\/\/hplegal.eu\/en\/reka-versics\/","name":"R\u00e9ka Versics - HP Legal","isPartOf":{"@id":"https:\/\/hplegal.eu\/#website"},"primaryImageOfPage":{"@id":"https:\/\/hplegal.eu\/en\/reka-versics\/#primaryimage"},"image":{"@id":"https:\/\/hplegal.eu\/en\/reka-versics\/#primaryimage"},"thumbnailUrl":"https:\/\/hplegal.eu\/wp-content\/uploads\/2021\/04\/versics-reka-hplegal.jpg","datePublished":"2021-02-12T08:36:54+00:00","dateModified":"2025-02-19T14:14:49+00:00","breadcrumb":{"@id":"https:\/\/hplegal.eu\/en\/reka-versics\/#breadcrumb"},"inLanguage":"en-US","potentialAction":[{"@type":"ReadAction","target":["https:\/\/hplegal.eu\/en\/reka-versics\/"]}]},{"@type":"ImageObject","inLanguage":"en-US","@id":"https:\/\/hplegal.eu\/en\/reka-versics\/#primaryimage","url":"https:\/\/hplegal.eu\/wp-content\/uploads\/2021\/04\/versics-reka-hplegal.jpg","contentUrl":"https:\/\/hplegal.eu\/wp-content\/uploads\/2021\/04\/versics-reka-hplegal.jpg"},{"@type":"BreadcrumbList","@id":"https:\/\/hplegal.eu\/en\/reka-versics\/#breadcrumb","itemListElement":[{"@type":"ListItem","position":1,"name":"Home","item":"https:\/\/hplegal.eu\/en\/"},{"@type":"ListItem","position":2,"name":"R\u00e9ka Versics"}]},{"@type":"WebSite","@id":"https:\/\/hplegal.eu\/#website","url":"https:\/\/hplegal.eu\/","name":"HP Legal","description":"A Hungarian Independent Business Law Advisory Powerhouse","publisher":{"@id":"https:\/\/hplegal.eu\/#organization"},"potentialAction":[{"@type":"SearchAction","target":{"@type":"EntryPoint","urlTemplate":"https:\/\/hplegal.eu\/?s={search_term_string}"},"query-input":{"@type":"PropertyValueSpecification","valueRequired":true,"valueName":"search_term_string"}}],"inLanguage":"en-US"},{"@type":"Organization","@id":"https:\/\/hplegal.eu\/#organization","name":"HP Legal","url":"https:\/\/hplegal.eu\/","logo":{"@type":"ImageObject","inLanguage":"en-US","@id":"https:\/\/hplegal.eu\/#\/schema\/logo\/image\/","url":"https:\/\/hplegal.eu\/wp-content\/uploads\/2021\/02\/hplegal_logo_final_singel_211_128-1.png","contentUrl":"https:\/\/hplegal.eu\/wp-content\/uploads\/2021\/02\/hplegal_logo_final_singel_211_128-1.png","width":211,"height":128,"caption":"HP Legal"},"image":{"@id":"https:\/\/hplegal.eu\/#\/schema\/logo\/image\/"}}]}},"_links":{"self":[{"href":"https:\/\/hplegal.eu\/en\/wp-json\/wp\/v2\/pages\/560","targetHints":{"allow":["GET"]}}],"collection":[{"href":"https:\/\/hplegal.eu\/en\/wp-json\/wp\/v2\/pages"}],"about":[{"href":"https:\/\/hplegal.eu\/en\/wp-json\/wp\/v2\/types\/page"}],"author":[{"embeddable":true,"href":"https:\/\/hplegal.eu\/en\/wp-json\/wp\/v2\/users\/1"}],"replies":[{"embeddable":true,"href":"https:\/\/hplegal.eu\/en\/wp-json\/wp\/v2\/comments?post=560"}],"version-history":[{"count":49,"href":"https:\/\/hplegal.eu\/en\/wp-json\/wp\/v2\/pages\/560\/revisions"}],"predecessor-version":[{"id":3005,"href":"https:\/\/hplegal.eu\/en\/wp-json\/wp\/v2\/pages\/560\/revisions\/3005"}],"wp:attachment":[{"href":"https:\/\/hplegal.eu\/en\/wp-json\/wp\/v2\/media?parent=560"}],"curies":[{"name":"wp","href":"https:\/\/api.w.org\/{rel}","templated":true}]}}