{"id":688,"date":"2021-02-12T12:41:52","date_gmt":"2021-02-12T12:41:52","guid":{"rendered":"https:\/\/hplegal.eu\/?page_id=688"},"modified":"2024-05-08T10:47:23","modified_gmt":"2024-05-08T10:47:23","slug":"daniel-kaszas","status":"publish","type":"page","link":"https:\/\/hplegal.eu\/en\/daniel-kaszas\/","title":{"rendered":"D\u00e1niel Kasz\u00e1s"},"content":{"rendered":"\t\t<div data-elementor-type=\"wp-page\" data-elementor-id=\"688\" class=\"elementor elementor-688 elementor-39\" data-elementor-post-type=\"page\">\n\t\t\t\t\t\t<section class=\"elementor-section elementor-top-section elementor-element elementor-element-8de28f1 elementor-section-boxed elementor-section-height-default elementor-section-height-default\" data-id=\"8de28f1\" data-element_type=\"section\" data-settings=\"{&quot;background_background&quot;:&quot;classic&quot;}\">\n\t\t\t\t\t\t\t<div class=\"elementor-background-overlay\"><\/div>\n\t\t\t\t\t\t\t<div class=\"elementor-container elementor-column-gap-default\">\n\t\t\t\t\t<div class=\"elementor-column elementor-col-100 elementor-top-column elementor-element elementor-element-432212f\" data-id=\"432212f\" data-element_type=\"column\">\n\t\t\t<div class=\"elementor-widget-wrap elementor-element-populated\">\n\t\t\t\t\t\t<div class=\"elementor-element elementor-element-79aca16 elementor-widget elementor-widget-heading\" data-id=\"79aca16\" data-element_type=\"widget\" data-widget_type=\"heading.default\">\n\t\t\t\t<div class=\"elementor-widget-container\">\n\t\t\t\t\t<h2 class=\"elementor-heading-title elementor-size-default\">D\u00e1niel Kasz\u00e1s - Of counsel<\/h2>\t\t\t\t<\/div>\n\t\t\t\t<\/div>\n\t\t\t\t\t<\/div>\n\t\t<\/div>\n\t\t\t\t\t<\/div>\n\t\t<\/section>\n\t\t\t\t<section class=\"elementor-section elementor-top-section elementor-element elementor-element-e25244d elementor-section-boxed elementor-section-height-default elementor-section-height-default\" data-id=\"e25244d\" data-element_type=\"section\">\n\t\t\t\t\t\t<div class=\"elementor-container elementor-column-gap-wider\">\n\t\t\t\t\t<div class=\"elementor-column elementor-col-33 elementor-top-column elementor-element elementor-element-5ab1ce9\" data-id=\"5ab1ce9\" data-element_type=\"column\">\n\t\t\t<div class=\"elementor-widget-wrap elementor-element-populated\">\n\t\t\t\t\t\t<div class=\"elementor-element elementor-element-6ad285a elementor-widget elementor-widget-image\" data-id=\"6ad285a\" data-element_type=\"widget\" data-widget_type=\"image.default\">\n\t\t\t\t<div class=\"elementor-widget-container\">\n\t\t\t\t\t\t\t\t\t\t\t\t\t\t\t<img fetchpriority=\"high\" decoding=\"async\" width=\"667\" height=\"1000\" src=\"https:\/\/hplegal.eu\/wp-content\/uploads\/2021\/04\/kaszas-dani-hplegal.jpg\" class=\"attachment-large size-large wp-image-1361\" alt=\"\" srcset=\"https:\/\/hplegal.eu\/wp-content\/uploads\/2021\/04\/kaszas-dani-hplegal.jpg 667w, https:\/\/hplegal.eu\/wp-content\/uploads\/2021\/04\/kaszas-dani-hplegal-200x300.jpg 200w\" sizes=\"(max-width: 667px) 100vw, 667px\" \/>\t\t\t\t\t\t\t\t\t\t\t\t\t\t\t<\/div>\n\t\t\t\t<\/div>\n\t\t\t\t\t<\/div>\n\t\t<\/div>\n\t\t\t\t<div class=\"elementor-column elementor-col-66 elementor-top-column elementor-element elementor-element-91ad4f4\" data-id=\"91ad4f4\" data-element_type=\"column\">\n\t\t\t<div class=\"elementor-widget-wrap elementor-element-populated\">\n\t\t\t\t\t\t<div class=\"elementor-element elementor-element-d2ea4e5 elementor-widget elementor-widget-text-editor\" data-id=\"d2ea4e5\" data-element_type=\"widget\" data-widget_type=\"text-editor.default\">\n\t\t\t\t<div class=\"elementor-widget-container\">\n\t\t\t\t\t\t\t\t\t<p>D\u00e1niel has over 15 years of experience at international law firms as a senior M&amp;A and competition lawyer and litigator. D\u00e1niel has gained broad experience in advising on a full range of mergers and acquisitions transactions (including public takeovers, privatisations, controlled auctions, acquisition of strategic interests, joint ventures and start up \u201cgreenfield\u201d investments, reorganisations, buyouts, mergers, demergers, other transformations and liquidations), acting for both bidders and targets and strategic and portfolio investors.<\/p><p>D\u00e1niel also specialises in advising on civil law litigation and arbitration matters, dispute resolution in corporate and commercial matters relating to M&amp;A transactions, corporate governance as well all aspects of competition law and related areas including joint ventures, supply, exclusive distribution, selective distribution, agency, licensing, servicing agreements and subcontracting, abuse of a dominant market position, concentration and restrictive trade practices. In addition to his law degree he also holds an economics degree. He is a member of the Budapest Bar and speaks fluent Hungarian and English.<\/p>\t\t\t\t\t\t\t\t<\/div>\n\t\t\t\t<\/div>\n\t\t\t\t<div class=\"elementor-element elementor-element-a9602dd elementor-icon-list--layout-traditional elementor-list-item-link-full_width elementor-widget elementor-widget-icon-list\" data-id=\"a9602dd\" data-element_type=\"widget\" data-widget_type=\"icon-list.default\">\n\t\t\t\t<div class=\"elementor-widget-container\">\n\t\t\t\t\t\t\t<ul class=\"elementor-icon-list-items\">\n\t\t\t\t\t\t\t<li class=\"elementor-icon-list-item\">\n\t\t\t\t\t\t\t\t\t\t\t<a href=\"mailto:kaszas.daniel@hplegal.eu%20\">\n\n\t\t\t\t\t\t\t\t\t\t\t\t<span class=\"elementor-icon-list-icon\">\n\t\t\t\t\t\t\t<i aria-hidden=\"true\" class=\"far fa-envelope-open\"><\/i>\t\t\t\t\t\t<\/span>\n\t\t\t\t\t\t\t\t\t\t<span class=\"elementor-icon-list-text\">kaszas.daniel@hplegal.eu <\/span>\n\t\t\t\t\t\t\t\t\t\t\t<\/a>\n\t\t\t\t\t\t\t\t\t<\/li>\n\t\t\t\t\t\t\t\t<li class=\"elementor-icon-list-item\">\n\t\t\t\t\t\t\t\t\t\t\t<a href=\"tel:003617998230\">\n\n\t\t\t\t\t\t\t\t\t\t\t\t<span class=\"elementor-icon-list-icon\">\n\t\t\t\t\t\t\t<i aria-hidden=\"true\" class=\"fas fa-phone-alt\"><\/i>\t\t\t\t\t\t<\/span>\n\t\t\t\t\t\t\t\t\t\t<span class=\"elementor-icon-list-text\">+36 1 799 8230<\/span>\n\t\t\t\t\t\t\t\t\t\t\t<\/a>\n\t\t\t\t\t\t\t\t\t<\/li>\n\t\t\t\t\t\t<\/ul>\n\t\t\t\t\t\t<\/div>\n\t\t\t\t<\/div>\n\t\t\t\t<div class=\"elementor-element elementor-element-a07dba1 elementor-align-left elementor-widget elementor-widget-button\" data-id=\"a07dba1\" data-element_type=\"widget\" data-widget_type=\"button.default\">\n\t\t\t\t<div class=\"elementor-widget-container\">\n\t\t\t\t\t\t\t\t\t<div class=\"elementor-button-wrapper\">\n\t\t\t\t\t<a class=\"elementor-button elementor-button-link elementor-size-md\" href=\"https:\/\/hplegal.eu\/en\/our-team\/\">\n\t\t\t\t\t\t<span class=\"elementor-button-content-wrapper\">\n\t\t\t\t\t\t<span class=\"elementor-button-icon\">\n\t\t\t\t<i aria-hidden=\"true\" class=\"fas fa-arrow-right\"><\/i>\t\t\t<\/span>\n\t\t\t\t\t\t\t\t\t<span class=\"elementor-button-text\">BACK TO THE TEAM<\/span>\n\t\t\t\t\t<\/span>\n\t\t\t\t\t<\/a>\n\t\t\t\t<\/div>\n\t\t\t\t\t\t\t\t<\/div>\n\t\t\t\t<\/div>\n\t\t\t\t\t<\/div>\n\t\t<\/div>\n\t\t\t\t\t<\/div>\n\t\t<\/section>\n\t\t\t\t<section class=\"elementor-section elementor-top-section elementor-element elementor-element-0313d1c elementor-section-boxed elementor-section-height-default elementor-section-height-default\" data-id=\"0313d1c\" data-element_type=\"section\">\n\t\t\t\t\t\t<div class=\"elementor-container elementor-column-gap-default\">\n\t\t\t\t\t<div class=\"elementor-column elementor-col-100 elementor-top-column elementor-element elementor-element-aec45ff\" data-id=\"aec45ff\" data-element_type=\"column\">\n\t\t\t<div class=\"elementor-widget-wrap\">\n\t\t\t\t\t\t\t<\/div>\n\t\t<\/div>\n\t\t\t\t\t<\/div>\n\t\t<\/section>\n\t\t\t\t<\/div>\n\t\t","protected":false},"excerpt":{"rendered":"<p>D\u00e1niel Kasz\u00e1s &#8211; Of counsel D\u00e1niel has over 15 years of experience at international law firms as a senior M&amp;A and competition lawyer and litigator. D\u00e1niel has gained broad experience in advising on a full range of mergers and acquisitions transactions (including public takeovers, privatisations, controlled auctions, acquisition of strategic interests, joint ventures and start &#8230; <a title=\"D\u00e1niel Kasz\u00e1s\" class=\"read-more\" href=\"https:\/\/hplegal.eu\/en\/daniel-kaszas\/\" aria-label=\"Read more about D\u00e1niel Kasz\u00e1s\">Read more<\/a><\/p>\n","protected":false},"author":1,"featured_media":0,"parent":0,"menu_order":0,"comment_status":"closed","ping_status":"closed","template":"elementor_header_footer","meta":{"footnotes":""},"class_list":["post-688","page","type-page","status-publish"],"yoast_head":"<!-- This site is optimized with the Yoast SEO Premium plugin v25.6 (Yoast SEO v26.1.1) - https:\/\/yoast.com\/wordpress\/plugins\/seo\/ -->\n<title>D\u00e1niel Kasz\u00e1s - HP Legal<\/title>\n<meta name=\"robots\" content=\"index, follow, max-snippet:-1, max-image-preview:large, max-video-preview:-1\" \/>\n<link rel=\"canonical\" href=\"https:\/\/hplegal.eu\/en\/daniel-kaszas\/\" \/>\n<meta property=\"og:locale\" content=\"en_US\" \/>\n<meta property=\"og:type\" content=\"article\" \/>\n<meta property=\"og:title\" content=\"D\u00e1niel Kasz\u00e1s\" \/>\n<meta property=\"og:description\" content=\"D\u00e1niel Kasz\u00e1s &#8211; Of counsel D\u00e1niel has over 15 years of experience at international law firms as a senior M&amp;A and competition lawyer and litigator. D\u00e1niel has gained broad experience in advising on a full range of mergers and acquisitions transactions (including public takeovers, privatisations, controlled auctions, acquisition of strategic interests, joint ventures and start ... Read more\" \/>\n<meta property=\"og:url\" content=\"https:\/\/hplegal.eu\/en\/daniel-kaszas\/\" \/>\n<meta property=\"og:site_name\" content=\"HP Legal\" \/>\n<meta property=\"article:modified_time\" content=\"2024-05-08T10:47:23+00:00\" \/>\n<meta property=\"og:image\" content=\"https:\/\/hplegal.eu\/wp-content\/uploads\/2021\/04\/kaszas-dani-hplegal.jpg\" \/>\n<meta name=\"twitter:card\" content=\"summary_large_image\" \/>\n<meta name=\"twitter:label1\" content=\"Est. reading time\" \/>\n\t<meta name=\"twitter:data1\" content=\"1 minute\" \/>\n<script type=\"application\/ld+json\" class=\"yoast-schema-graph\">{\"@context\":\"https:\/\/schema.org\",\"@graph\":[{\"@type\":\"WebPage\",\"@id\":\"https:\/\/hplegal.eu\/en\/daniel-kaszas\/\",\"url\":\"https:\/\/hplegal.eu\/en\/daniel-kaszas\/\",\"name\":\"D\u00e1niel Kasz\u00e1s - HP Legal\",\"isPartOf\":{\"@id\":\"https:\/\/hplegal.eu\/#website\"},\"primaryImageOfPage\":{\"@id\":\"https:\/\/hplegal.eu\/en\/daniel-kaszas\/#primaryimage\"},\"image\":{\"@id\":\"https:\/\/hplegal.eu\/en\/daniel-kaszas\/#primaryimage\"},\"thumbnailUrl\":\"https:\/\/hplegal.eu\/wp-content\/uploads\/2021\/04\/kaszas-dani-hplegal.jpg\",\"datePublished\":\"2021-02-12T12:41:52+00:00\",\"dateModified\":\"2024-05-08T10:47:23+00:00\",\"breadcrumb\":{\"@id\":\"https:\/\/hplegal.eu\/en\/daniel-kaszas\/#breadcrumb\"},\"inLanguage\":\"en-US\",\"potentialAction\":[{\"@type\":\"ReadAction\",\"target\":[\"https:\/\/hplegal.eu\/en\/daniel-kaszas\/\"]}]},{\"@type\":\"ImageObject\",\"inLanguage\":\"en-US\",\"@id\":\"https:\/\/hplegal.eu\/en\/daniel-kaszas\/#primaryimage\",\"url\":\"https:\/\/hplegal.eu\/wp-content\/uploads\/2021\/04\/kaszas-dani-hplegal.jpg\",\"contentUrl\":\"https:\/\/hplegal.eu\/wp-content\/uploads\/2021\/04\/kaszas-dani-hplegal.jpg\"},{\"@type\":\"BreadcrumbList\",\"@id\":\"https:\/\/hplegal.eu\/en\/daniel-kaszas\/#breadcrumb\",\"itemListElement\":[{\"@type\":\"ListItem\",\"position\":1,\"name\":\"Home\",\"item\":\"https:\/\/hplegal.eu\/en\/\"},{\"@type\":\"ListItem\",\"position\":2,\"name\":\"D\u00e1niel Kasz\u00e1s\"}]},{\"@type\":\"WebSite\",\"@id\":\"https:\/\/hplegal.eu\/#website\",\"url\":\"https:\/\/hplegal.eu\/\",\"name\":\"HP Legal\",\"description\":\"A Hungarian Independent Business Law Advisory Powerhouse\",\"publisher\":{\"@id\":\"https:\/\/hplegal.eu\/#organization\"},\"potentialAction\":[{\"@type\":\"SearchAction\",\"target\":{\"@type\":\"EntryPoint\",\"urlTemplate\":\"https:\/\/hplegal.eu\/?s={search_term_string}\"},\"query-input\":{\"@type\":\"PropertyValueSpecification\",\"valueRequired\":true,\"valueName\":\"search_term_string\"}}],\"inLanguage\":\"en-US\"},{\"@type\":\"Organization\",\"@id\":\"https:\/\/hplegal.eu\/#organization\",\"name\":\"HP Legal\",\"url\":\"https:\/\/hplegal.eu\/\",\"logo\":{\"@type\":\"ImageObject\",\"inLanguage\":\"en-US\",\"@id\":\"https:\/\/hplegal.eu\/#\/schema\/logo\/image\/\",\"url\":\"https:\/\/hplegal.eu\/wp-content\/uploads\/2021\/02\/hplegal_logo_final_singel_211_128-1.png\",\"contentUrl\":\"https:\/\/hplegal.eu\/wp-content\/uploads\/2021\/02\/hplegal_logo_final_singel_211_128-1.png\",\"width\":211,\"height\":128,\"caption\":\"HP Legal\"},\"image\":{\"@id\":\"https:\/\/hplegal.eu\/#\/schema\/logo\/image\/\"}}]}<\/script>\n<!-- \/ Yoast SEO Premium plugin. -->","yoast_head_json":{"title":"D\u00e1niel Kasz\u00e1s - HP Legal","robots":{"index":"index","follow":"follow","max-snippet":"max-snippet:-1","max-image-preview":"max-image-preview:large","max-video-preview":"max-video-preview:-1"},"canonical":"https:\/\/hplegal.eu\/en\/daniel-kaszas\/","og_locale":"en_US","og_type":"article","og_title":"D\u00e1niel Kasz\u00e1s","og_description":"D\u00e1niel Kasz\u00e1s &#8211; Of counsel D\u00e1niel has over 15 years of experience at international law firms as a senior M&amp;A and competition lawyer and litigator. D\u00e1niel has gained broad experience in advising on a full range of mergers and acquisitions transactions (including public takeovers, privatisations, controlled auctions, acquisition of strategic interests, joint ventures and start ... Read more","og_url":"https:\/\/hplegal.eu\/en\/daniel-kaszas\/","og_site_name":"HP Legal","article_modified_time":"2024-05-08T10:47:23+00:00","og_image":[{"url":"https:\/\/hplegal.eu\/wp-content\/uploads\/2021\/04\/kaszas-dani-hplegal.jpg","type":"","width":"","height":""}],"twitter_card":"summary_large_image","twitter_misc":{"Est. reading time":"1 minute"},"schema":{"@context":"https:\/\/schema.org","@graph":[{"@type":"WebPage","@id":"https:\/\/hplegal.eu\/en\/daniel-kaszas\/","url":"https:\/\/hplegal.eu\/en\/daniel-kaszas\/","name":"D\u00e1niel Kasz\u00e1s - HP Legal","isPartOf":{"@id":"https:\/\/hplegal.eu\/#website"},"primaryImageOfPage":{"@id":"https:\/\/hplegal.eu\/en\/daniel-kaszas\/#primaryimage"},"image":{"@id":"https:\/\/hplegal.eu\/en\/daniel-kaszas\/#primaryimage"},"thumbnailUrl":"https:\/\/hplegal.eu\/wp-content\/uploads\/2021\/04\/kaszas-dani-hplegal.jpg","datePublished":"2021-02-12T12:41:52+00:00","dateModified":"2024-05-08T10:47:23+00:00","breadcrumb":{"@id":"https:\/\/hplegal.eu\/en\/daniel-kaszas\/#breadcrumb"},"inLanguage":"en-US","potentialAction":[{"@type":"ReadAction","target":["https:\/\/hplegal.eu\/en\/daniel-kaszas\/"]}]},{"@type":"ImageObject","inLanguage":"en-US","@id":"https:\/\/hplegal.eu\/en\/daniel-kaszas\/#primaryimage","url":"https:\/\/hplegal.eu\/wp-content\/uploads\/2021\/04\/kaszas-dani-hplegal.jpg","contentUrl":"https:\/\/hplegal.eu\/wp-content\/uploads\/2021\/04\/kaszas-dani-hplegal.jpg"},{"@type":"BreadcrumbList","@id":"https:\/\/hplegal.eu\/en\/daniel-kaszas\/#breadcrumb","itemListElement":[{"@type":"ListItem","position":1,"name":"Home","item":"https:\/\/hplegal.eu\/en\/"},{"@type":"ListItem","position":2,"name":"D\u00e1niel Kasz\u00e1s"}]},{"@type":"WebSite","@id":"https:\/\/hplegal.eu\/#website","url":"https:\/\/hplegal.eu\/","name":"HP Legal","description":"A Hungarian Independent Business Law Advisory Powerhouse","publisher":{"@id":"https:\/\/hplegal.eu\/#organization"},"potentialAction":[{"@type":"SearchAction","target":{"@type":"EntryPoint","urlTemplate":"https:\/\/hplegal.eu\/?s={search_term_string}"},"query-input":{"@type":"PropertyValueSpecification","valueRequired":true,"valueName":"search_term_string"}}],"inLanguage":"en-US"},{"@type":"Organization","@id":"https:\/\/hplegal.eu\/#organization","name":"HP Legal","url":"https:\/\/hplegal.eu\/","logo":{"@type":"ImageObject","inLanguage":"en-US","@id":"https:\/\/hplegal.eu\/#\/schema\/logo\/image\/","url":"https:\/\/hplegal.eu\/wp-content\/uploads\/2021\/02\/hplegal_logo_final_singel_211_128-1.png","contentUrl":"https:\/\/hplegal.eu\/wp-content\/uploads\/2021\/02\/hplegal_logo_final_singel_211_128-1.png","width":211,"height":128,"caption":"HP Legal"},"image":{"@id":"https:\/\/hplegal.eu\/#\/schema\/logo\/image\/"}}]}},"_links":{"self":[{"href":"https:\/\/hplegal.eu\/en\/wp-json\/wp\/v2\/pages\/688","targetHints":{"allow":["GET"]}}],"collection":[{"href":"https:\/\/hplegal.eu\/en\/wp-json\/wp\/v2\/pages"}],"about":[{"href":"https:\/\/hplegal.eu\/en\/wp-json\/wp\/v2\/types\/page"}],"author":[{"embeddable":true,"href":"https:\/\/hplegal.eu\/en\/wp-json\/wp\/v2\/users\/1"}],"replies":[{"embeddable":true,"href":"https:\/\/hplegal.eu\/en\/wp-json\/wp\/v2\/comments?post=688"}],"version-history":[{"count":25,"href":"https:\/\/hplegal.eu\/en\/wp-json\/wp\/v2\/pages\/688\/revisions"}],"predecessor-version":[{"id":2628,"href":"https:\/\/hplegal.eu\/en\/wp-json\/wp\/v2\/pages\/688\/revisions\/2628"}],"wp:attachment":[{"href":"https:\/\/hplegal.eu\/en\/wp-json\/wp\/v2\/media?parent=688"}],"curies":[{"name":"wp","href":"https:\/\/api.w.org\/{rel}","templated":true}]}}